{"id":105,"date":"2020-08-19T12:33:44","date_gmt":"2020-08-19T12:33:44","guid":{"rendered":"https:\/\/wartours.in.ua\/terms-conditions\/"},"modified":"2020-08-19T12:33:44","modified_gmt":"2020-08-19T12:33:44","slug":"terms-amp-amp-bedingungen","status":"publish","type":"page","link":"https:\/\/wartours.in.ua\/de\/terms-conditions\/","title":{"rendered":"Terms &amp; amp; Bedingungen"},"content":{"rendered":"<div style=\"height:100px\" aria-hidden=\"true\" class=\"wp-block-spacer\"><\/div>\n\n\n\n<h2 class=\"wp-block-heading\">UiCore-Nutzungsbedingungen<\/h2>\n\n\n\n<h3 class=\"wp-block-heading\">1. Bedingungen<\/h3>\n\n\n\n<p>Durch den Zugriff auf die Website unter&nbsp;<a href=\"https:\/\/brisk.uicore.co\/\">https:\/\/brisk.uicore.co<\/a>, stimmen Sie zu, an diese Nutzungsbedingungen, alle anwendbaren Gesetze und Vorschriften gebunden zu sein, und stimmen zu, dass Sie f\u00fcr die Einhaltung aller anwendbaren lokalen Gesetze verantwortlich sind. Wenn Sie mit einer dieser Bedingungen nicht einverstanden sind, ist es Ihnen untersagt, diese Website zu nutzen oder darauf zuzugreifen. Die auf dieser Website enthaltenen Materialien sind durch geltendes Urheber- und Markenrecht gesch\u00fctzt.<\/p>\n\n\n\n<h3 class=\"wp-block-heading\">2. Nutzungslizenz<\/h3>\n\n\n\n<ol class=\"wp-block-list\" type=\"a\"><li>Es wird die Erlaubnis erteilt, vor\u00fcbergehend eine Kopie der Materialien (Informationen oder Software) auf der Website von UiCore nur f\u00fcr den pers\u00f6nlichen, nicht kommerziellen vor\u00fcbergehenden Gebrauch herunterzuladen. Dies ist die Erteilung einer Lizenz, keine Eigentums\u00fcbertragung, und unter dieser Lizenz d\u00fcrfen Sie nicht:<ol type=\"i\"><li>die Materialien modifizieren oder kopieren;<\/li><li>die Materialien f\u00fcr kommerzielle Zwecke oder f\u00fcr \u00f6ffentliche Darstellungen (kommerziell oder nichtkommerziell) zu verwenden;<\/li><li>versuchen, auf der UiCore-Website enthaltene Software zu dekompilieren oder zur\u00fcckzuentwickeln;<\/li><li>Urheberrechts- oder andere Eigentumsvermerke von den Materialien entfernen; oder<\/li><li>die Materialien an eine andere Person \u00fcbertragen oder die Materialien auf einem anderen Server \u201espiegeln\u201c.<\/li><\/ol><\/li><li>Diese Lizenz erlischt automatisch, wenn Sie gegen eine dieser Einschr\u00e4nkungen versto\u00dfen, und kann von UiCore jederzeit gek\u00fcndigt werden. Nach Beendigung der Betrachtung dieser Materialien oder nach Beendigung dieser Lizenz m\u00fcssen Sie alle in Ihrem Besitz befindlichen heruntergeladenen Materialien in elektronischer oder gedruckter Form vernichten.<\/li><\/ol>\n\n\n\n<h3 class=\"wp-block-heading\">3. Haftungsausschluss<\/h3>\n\n\n\n<ol class=\"wp-block-list\" type=\"a\"><li>Die Materialien auf der Website von UiCore werden ohne M\u00e4ngelgew\u00e4hr bereitgestellt. UiCore gibt keine Gew\u00e4hrleistung, weder ausdr\u00fccklich noch stillschweigend, und lehnt hiermit alle anderen Gew\u00e4hrleistungen ab, einschlie\u00dflich, aber nicht beschr\u00e4nkt auf stillschweigende Gew\u00e4hrleistungen oder Bedingungen der Marktg\u00e4ngigkeit, Eignung f\u00fcr einen bestimmten Zweck oder Nichtverletzung von geistigem Eigentum oder andere Rechtsverletzungen.<\/li><li>Dar\u00fcber hinaus \u00fcbernimmt UiCore keine Gew\u00e4hrleistung oder Zusicherung hinsichtlich der Genauigkeit, der wahrscheinlichen Ergebnisse oder der Zuverl\u00e4ssigkeit der Nutzung der Materialien auf seiner Website oder anderweitig in Bezug auf solche Materialien oder auf Websites, die mit dieser Website verlinkt sind.<\/li><\/ol>\n\n\n\n<h3 class=\"wp-block-heading\">4. Einschr\u00e4nkungen<\/h3>\n\n\n\n<p>In keinem Fall haften UiCore oder seine Lieferanten f\u00fcr Sch\u00e4den (einschlie\u00dflich, aber nicht beschr\u00e4nkt auf Sch\u00e4den aus Daten- oder Gewinnverlust oder aufgrund von Betriebsunterbrechungen), die sich aus der Nutzung oder Unm\u00f6glichkeit der Nutzung der Materialien auf der Website von UiCore ergeben, selbst wenn UiCore oder ein bevollm\u00e4chtigter Vertreter von UiCore wurde m\u00fcndlich oder schriftlich \u00fcber die M\u00f6glichkeit eines solchen Schadens informiert. Da einige Gerichtsbarkeiten Beschr\u00e4nkungen stillschweigender Gew\u00e4hrleistungen oder Haftungsbeschr\u00e4nkungen f\u00fcr Folge- oder Nebensch\u00e4den nicht zulassen, gelten diese Beschr\u00e4nkungen m\u00f6glicherweise nicht f\u00fcr Sie.<\/p>\n\n\n\n<h3 class=\"wp-block-heading\">5. Materialgenauigkeit<\/h3>\n\n\n\n<p>Die auf der Website von UiCore erscheinenden Materialien k\u00f6nnen technische, typografische oder fotografische Fehler enthalten. UiCore garantiert nicht, dass die Materialien auf seiner Website korrekt, vollst\u00e4ndig oder aktuell sind. UiCore kann jederzeit ohne Vorank\u00fcndigung \u00c4nderungen an den auf seiner Website enthaltenen Materialien vornehmen. UiCore verpflichtet sich jedoch nicht, die Materialien zu aktualisieren.<\/p>\n\n\n\n<h3 class=\"wp-block-heading\">6. Verkn\u00fcpfungen<\/h3>\n\n\n\n<p>UiCore hat nicht alle mit seiner Website verlinkten Seiten \u00fcberpr\u00fcft und ist nicht verantwortlich f\u00fcr den Inhalt solcher verlinkten Seiten. Die Aufnahme eines Links bedeutet nicht, dass UiCore die Website billigt. Die Nutzung einer solchen verlinkten Website erfolgt auf eigenes Risiko des Benutzers.<\/p>\n\n\n\n<h3 class=\"wp-block-heading\">7. \u00c4nderungen<\/h3>\n\n\n\n<p>UiCore kann diese Nutzungsbedingungen f\u00fcr seine Website jederzeit ohne Vorank\u00fcndigung \u00e4ndern. Durch die Nutzung dieser Website stimmen Sie zu, an die jeweils aktuelle Version dieser Nutzungsbedingungen gebunden zu sein.<\/p>\n\n\n\n<h3 class=\"wp-block-heading\">8. Anwendbares Recht<\/h3>\n\n\n\n<p>Diese Allgemeinen Gesch\u00e4ftsbedingungen unterliegen den Gesetzen Rum\u00e4niens und werden in \u00dcbereinstimmung mit diesen ausgelegt, und Sie unterwerfen sich unwiderruflich der ausschlie\u00dflichen Zust\u00e4ndigkeit der Gerichte in diesem Staat oder Ort.<\/p>\n\n\n\n<div style=\"height:100px\" aria-hidden=\"true\" class=\"wp-block-spacer\"><\/div>","protected":false},"excerpt":{"rendered":"<p>UiCore Terms of Service 1. Terms By accessing the website at&nbsp;https:\/\/brisk.uicore.co, you are agreeing to be bound by these terms of service, [&hellip;]<\/p>\n","protected":false},"author":1,"featured_media":0,"parent":0,"menu_order":0,"comment_status":"closed","ping_status":"closed","template":"","meta":{"footnotes":""},"class_list":["post-105","page","type-page","status-publish","hentry"],"yoast_head":"<!-- This site is optimized with the Yoast SEO Premium plugin v27.4 (Yoast SEO v27.5) - https:\/\/yoast.com\/product\/yoast-seo-premium-wordpress\/ -->\n<title>Terms &amp; Conditions - WarTours Ukraine<\/title>\n<meta name=\"robots\" content=\"index, follow, max-snippet:-1, max-image-preview:large, max-video-preview:-1\" \/>\n<link rel=\"canonical\" href=\"https:\/\/wartours.in.ua\/de\/terms-amp-amp-bedingungen\/\" \/>\n<meta property=\"og:locale\" content=\"de_DE\" \/>\n<meta property=\"og:type\" content=\"article\" \/>\n<meta property=\"og:title\" content=\"Terms &amp; Conditions\" \/>\n<meta property=\"og:description\" content=\"UiCore Terms of Service 1. Terms By accessing the website at&nbsp;https:\/\/brisk.uicore.co, you are agreeing to be bound by these terms of service, [&hellip;]\" \/>\n<meta property=\"og:url\" content=\"https:\/\/wartours.in.ua\/de\/terms-amp-amp-bedingungen\/\" \/>\n<meta property=\"og:site_name\" content=\"WarTours Ukraine\" \/>\n<meta property=\"og:image\" content=\"https:\/\/wartours.in.ua\/wp-content\/uploads\/2023\/02\/wartours.webp\" \/>\n\t<meta property=\"og:image:width\" content=\"1200\" \/>\n\t<meta property=\"og:image:height\" content=\"818\" \/>\n\t<meta property=\"og:image:type\" content=\"image\/webp\" \/>\n<meta name=\"twitter:card\" content=\"summary_large_image\" \/>\n<meta name=\"twitter:label1\" content=\"Gesch\u00e4tzte Lesezeit\" \/>\n\t<meta name=\"twitter:data1\" content=\"3\u00a0Minuten\" \/>\n<script type=\"application\/ld+json\" class=\"yoast-schema-graph\">{\"@context\":\"https:\\\/\\\/schema.org\",\"@graph\":[{\"@type\":\"WebPage\",\"@id\":\"https:\\\/\\\/wartours.in.ua\\\/de\\\/terms-conditions\\\/\",\"url\":\"https:\\\/\\\/wartours.in.ua\\\/de\\\/terms-conditions\\\/\",\"name\":\"Terms & Conditions - WarTours Ukraine\",\"isPartOf\":{\"@id\":\"https:\\\/\\\/wartours.in.ua\\\/de\\\/#website\"},\"datePublished\":\"2020-08-19T12:33:44+00:00\",\"breadcrumb\":{\"@id\":\"https:\\\/\\\/wartours.in.ua\\\/de\\\/terms-conditions\\\/#breadcrumb\"},\"inLanguage\":\"de\",\"potentialAction\":[{\"@type\":\"ReadAction\",\"target\":[\"https:\\\/\\\/wartours.in.ua\\\/de\\\/terms-conditions\\\/\"]}]},{\"@type\":\"BreadcrumbList\",\"@id\":\"https:\\\/\\\/wartours.in.ua\\\/de\\\/terms-conditions\\\/#breadcrumb\",\"itemListElement\":[{\"@type\":\"ListItem\",\"position\":1,\"name\":\"\u0413\u043e\u043b\u043e\u0432\u043d\u0430\",\"item\":\"https:\\\/\\\/wartours.in.ua\\\/\"},{\"@type\":\"ListItem\",\"position\":2,\"name\":\"Terms &#038; Conditions\"}]},{\"@type\":\"WebSite\",\"@id\":\"https:\\\/\\\/wartours.in.ua\\\/de\\\/#website\",\"url\":\"https:\\\/\\\/wartours.in.ua\\\/de\\\/\",\"name\":\"WarTours Ukraine\",\"description\":\"Military tourism. Evidence of russian aggression with your own eyes\",\"publisher\":{\"@id\":\"https:\\\/\\\/wartours.in.ua\\\/de\\\/#organization\"},\"alternateName\":\"Military Tours in Ukraine\",\"potentialAction\":[{\"@type\":\"SearchAction\",\"target\":{\"@type\":\"EntryPoint\",\"urlTemplate\":\"https:\\\/\\\/wartours.in.ua\\\/de\\\/?s={search_term_string}\"},\"query-input\":{\"@type\":\"PropertyValueSpecification\",\"valueRequired\":true,\"valueName\":\"search_term_string\"}}],\"inLanguage\":\"de\"},{\"@type\":\"Organization\",\"@id\":\"https:\\\/\\\/wartours.in.ua\\\/de\\\/#organization\",\"name\":\"WarTours Ukraine\",\"alternateName\":\"MilitaryTours in Ukraine\",\"url\":\"https:\\\/\\\/wartours.in.ua\\\/de\\\/\",\"logo\":{\"@type\":\"ImageObject\",\"inLanguage\":\"de\",\"@id\":\"https:\\\/\\\/wartours.in.ua\\\/de\\\/#\\\/schema\\\/logo\\\/image\\\/\",\"url\":\"https:\\\/\\\/wartours.in.ua\\\/wp-content\\\/uploads\\\/2023\\\/01\\\/logo-04.png\",\"contentUrl\":\"https:\\\/\\\/wartours.in.ua\\\/wp-content\\\/uploads\\\/2023\\\/01\\\/logo-04.png\",\"width\":418,\"height\":129,\"caption\":\"WarTours Ukraine\"},\"image\":{\"@id\":\"https:\\\/\\\/wartours.in.ua\\\/de\\\/#\\\/schema\\\/logo\\\/image\\\/\"},\"sameAs\":[\"https:\\\/\\\/www.instagram.com\\\/wartours_in_ua\\\/\",\"https:\\\/\\\/www.linkedin.com\\\/company\\\/113094334\\\/admin\\\/dashboard\\\/\"]}]}<\/script>\n<!-- \/ Yoast SEO Premium plugin. -->","yoast_head_json":{"title":"Allgemeine Gesch\u00e4ftsbedingungen - WarTours Ukraine","robots":{"index":"index","follow":"follow","max-snippet":"max-snippet:-1","max-image-preview":"max-image-preview:large","max-video-preview":"max-video-preview:-1"},"canonical":"https:\/\/wartours.in.ua\/de\/terms-amp-amp-bedingungen\/","og_locale":"de_DE","og_type":"article","og_title":"Terms & Conditions","og_description":"UiCore Terms of Service 1. Terms By accessing the website at&nbsp;https:\/\/brisk.uicore.co, you are agreeing to be bound by these terms of service, [&hellip;]","og_url":"https:\/\/wartours.in.ua\/de\/terms-amp-amp-bedingungen\/","og_site_name":"WarTours Ukraine","og_image":[{"width":1200,"height":818,"url":"https:\/\/wartours.in.ua\/wp-content\/uploads\/2023\/02\/wartours.webp","type":"image\/webp"}],"twitter_card":"summary_large_image","twitter_misc":{"Gesch\u00e4tzte Lesezeit":"3\u00a0Minuten"},"schema":{"@context":"https:\/\/schema.org","@graph":[{"@type":"WebPage","@id":"https:\/\/wartours.in.ua\/de\/terms-conditions\/","url":"https:\/\/wartours.in.ua\/de\/terms-conditions\/","name":"Allgemeine Gesch\u00e4ftsbedingungen - WarTours Ukraine","isPartOf":{"@id":"https:\/\/wartours.in.ua\/de\/#website"},"datePublished":"2020-08-19T12:33:44+00:00","breadcrumb":{"@id":"https:\/\/wartours.in.ua\/de\/terms-conditions\/#breadcrumb"},"inLanguage":"de","potentialAction":[{"@type":"ReadAction","target":["https:\/\/wartours.in.ua\/de\/terms-conditions\/"]}]},{"@type":"BreadcrumbList","@id":"https:\/\/wartours.in.ua\/de\/terms-conditions\/#breadcrumb","itemListElement":[{"@type":"ListItem","position":1,"name":"\u0413\u043e\u043b\u043e\u0432\u043d\u0430","item":"https:\/\/wartours.in.ua\/"},{"@type":"ListItem","position":2,"name":"Terms &#038; Conditions"}]},{"@type":"WebSite","@id":"https:\/\/wartours.in.ua\/de\/#website","url":"https:\/\/wartours.in.ua\/de\/","name":"WarTours Ukraine","description":"Milit\u00e4rtourismus. Beweise russischer Aggression mit eigenen Augen","publisher":{"@id":"https:\/\/wartours.in.ua\/de\/#organization"},"alternateName":"Military Tours in Ukraine","potentialAction":[{"@type":"SearchAction","target":{"@type":"EntryPoint","urlTemplate":"https:\/\/wartours.in.ua\/de\/?s={search_term_string}"},"query-input":{"@type":"PropertyValueSpecification","valueRequired":true,"valueName":"search_term_string"}}],"inLanguage":"de"},{"@type":"Organization","@id":"https:\/\/wartours.in.ua\/de\/#organization","name":"WarTours Ukraine","alternateName":"MilitaryTours in Ukraine","url":"https:\/\/wartours.in.ua\/de\/","logo":{"@type":"ImageObject","inLanguage":"de","@id":"https:\/\/wartours.in.ua\/de\/#\/schema\/logo\/image\/","url":"https:\/\/wartours.in.ua\/wp-content\/uploads\/2023\/01\/logo-04.png","contentUrl":"https:\/\/wartours.in.ua\/wp-content\/uploads\/2023\/01\/logo-04.png","width":418,"height":129,"caption":"WarTours Ukraine"},"image":{"@id":"https:\/\/wartours.in.ua\/de\/#\/schema\/logo\/image\/"},"sameAs":["https:\/\/www.instagram.com\/wartours_in_ua\/","https:\/\/www.linkedin.com\/company\/113094334\/admin\/dashboard\/"]}]}},"_links":{"self":[{"href":"https:\/\/wartours.in.ua\/de\/wp-json\/wp\/v2\/pages\/105","targetHints":{"allow":["GET"]}}],"collection":[{"href":"https:\/\/wartours.in.ua\/de\/wp-json\/wp\/v2\/pages"}],"about":[{"href":"https:\/\/wartours.in.ua\/de\/wp-json\/wp\/v2\/types\/page"}],"author":[{"embeddable":true,"href":"https:\/\/wartours.in.ua\/de\/wp-json\/wp\/v2\/users\/1"}],"replies":[{"embeddable":true,"href":"https:\/\/wartours.in.ua\/de\/wp-json\/wp\/v2\/comments?post=105"}],"version-history":[{"count":0,"href":"https:\/\/wartours.in.ua\/de\/wp-json\/wp\/v2\/pages\/105\/revisions"}],"wp:attachment":[{"href":"https:\/\/wartours.in.ua\/de\/wp-json\/wp\/v2\/media?parent=105"}],"curies":[{"name":"wp","href":"https:\/\/api.w.org\/{rel}","templated":true}]}}