{"id":17,"date":"2023-01-09T18:26:31","date_gmt":"2023-01-09T18:26:31","guid":{"rendered":"https:\/\/wartours.in.ua\/about\/"},"modified":"2023-01-09T18:26:31","modified_gmt":"2023-01-09T18:26:31","slug":"acerca-de","status":"publish","type":"page","link":"https:\/\/wartours.in.ua\/es\/about\/","title":{"rendered":"Acerca de"},"content":{"rendered":"<h1>Sobre nosotros<\/h1>\n\n\n\n\n\n\n\n\n\n\n<h2>Sobre nosotros<\/h2>\n\n\n<p>Excepteur sint occaecat cupidatat non proident, suntin culpa qui oficia deserunt mollit animid est laborum Phasellus imperdiet lacinia nulla, malesuada semper nibh sodales quis, Duis viverra ipsum dictum. Es un hecho establecido desde hace mucho tiempo que un lector se distraer\u00e1 con el contenido legible de una p\u00e1gina cuando mire su dise\u00f1o. El punto de usar Lorem Ipsum es que tiene una distribuci\u00f3n de letras m\u00e1s o menos normal, en lugar de usar &#039;Contenido aqu\u00ed, contenido aqu\u00ed&#039;, lo que hace que parezca un ingl\u00e9s legible. Magnam, consequatur quas ratione eaque praesentium eligendi voluptatum at harum mollitia rem veritatis accusantium pariatur.<\/p>\n\n\n\n\n\n\n\n<h2>Historias de \u00e9xito<\/h2>\n\n<p>Eu non diam phasellus vestibulum lorem. Excepteur sint occaecat cupidatat non proident, suntin culpa qui oficia deserunt mollit animid est laborum. Phasellus imperdiet lacinia nulla, malesuada semper nibh sodales quis, Duis viverra ipsum dictum. Es un hecho establecido desde hace mucho tiempo que un lector se distraer\u00e1 con el contenido legible de una p\u00e1gina cuando mire su dise\u00f1o. El punto de usar Lorem Ipsum es que tiene una distribuci\u00f3n de letras m\u00e1s o menos normal, en lugar de usar &#039;Contenido aqu\u00ed, contenido aqu\u00ed&#039;, lo que hace que parezca un ingl\u00e9s legible.<\/p>\n<h3>\u2013 Sara Jones<\/h3>\n\n\n\n\n\n<h2>Por qu\u00e9 elegirnos<\/h2>\n\n\n\n\nEu turpis egestas pretium aenean pharetra magna ac placerat vestibulum lorem ipsum doler sit a met. Eu turpis egestas pretium aenean pharetra magna ac placerat vestibulum lorem ipsum doler sit a met. Eu turpis egestas pretium aenean pharetra magna ac placerat vestibulum lorem ipsum doler sit a met.&nbsp;\n\n\n\n\n\n\n\n\n<h2>Deja que los n\u00fameros hablen<\/h2>\n\n\n\n\n\n\n\n\n\n\n\n\n\n\n\n\n\n\n\n\n<h2>Testimonios<\/h2>\n\n\n\n\n<span style=\"font-size: 14px\">El punto de usar Lorem Ipsum es que tiene una distribuci\u00f3n de letras m\u00e1s o menos normal, en lugar de usar &#039;Contenido aqu\u00ed, contenido aqu\u00ed&#039;, lo que hace que parezca un ingl\u00e9s legible.&nbsp;<\/span>\n\n\n\n\n<span style=\"font-size: 14px\">El punto de usar Lorem Ipsum es que tiene una distribuci\u00f3n de letras m\u00e1s o menos normal, en lugar de usar &#039;Contenido aqu\u00ed, contenido aqu\u00ed&#039;, lo que hace que parezca un ingl\u00e9s legible.&nbsp;<\/span>\n\n\n\n\n<span style=\"font-size: 14px\">El punto de usar Lorem Ipsum es que tiene una distribuci\u00f3n de letras m\u00e1s o menos normal, en lugar de usar &#039;Contenido aqu\u00ed, contenido aqu\u00ed&#039;, lo que hace que parezca un ingl\u00e9s legible.&nbsp;<\/span>","protected":false},"excerpt":{"rendered":"","protected":false},"author":0,"featured_media":0,"parent":0,"menu_order":0,"comment_status":"closed","ping_status":"closed","template":"","meta":{"footnotes":""},"class_list":["post-17","page","type-page","status-publish","hentry"],"yoast_head":"<!-- This site is optimized with the Yoast SEO Premium plugin v27.4 (Yoast SEO v27.4) - https:\/\/yoast.com\/product\/yoast-seo-premium-wordpress\/ -->\n<title>About - WarTours Ukraine<\/title>\n<meta name=\"robots\" content=\"index, follow, max-snippet:-1, max-image-preview:large, max-video-preview:-1\" \/>\n<link rel=\"canonical\" href=\"https:\/\/wartours.in.ua\/es\/acerca-de\/\" \/>\n<meta property=\"og:locale\" content=\"es_ES\" \/>\n<meta property=\"og:type\" content=\"article\" \/>\n<meta property=\"og:title\" content=\"About\" \/>\n<meta property=\"og:url\" content=\"https:\/\/wartours.in.ua\/es\/acerca-de\/\" \/>\n<meta property=\"og:site_name\" content=\"WarTours Ukraine\" \/>\n<meta property=\"og:image\" content=\"https:\/\/wartours.in.ua\/wp-content\/uploads\/2023\/02\/wartours.webp\" \/>\n\t<meta property=\"og:image:width\" content=\"1200\" \/>\n\t<meta property=\"og:image:height\" content=\"818\" \/>\n\t<meta property=\"og:image:type\" content=\"image\/webp\" \/>\n<meta name=\"twitter:card\" content=\"summary_large_image\" \/>\n<meta name=\"twitter:label1\" content=\"Tiempo de lectura\" \/>\n\t<meta name=\"twitter:data1\" content=\"2 minutos\" \/>\n<script type=\"application\/ld+json\" class=\"yoast-schema-graph\">{\"@context\":\"https:\\\/\\\/schema.org\",\"@graph\":[{\"@type\":\"WebPage\",\"@id\":\"https:\\\/\\\/wartours.in.ua\\\/es\\\/about\\\/\",\"url\":\"https:\\\/\\\/wartours.in.ua\\\/es\\\/about\\\/\",\"name\":\"About - WarTours Ukraine\",\"isPartOf\":{\"@id\":\"https:\\\/\\\/wartours.in.ua\\\/es\\\/#website\"},\"datePublished\":\"2023-01-09T18:26:31+00:00\",\"breadcrumb\":{\"@id\":\"https:\\\/\\\/wartours.in.ua\\\/es\\\/about\\\/#breadcrumb\"},\"inLanguage\":\"es\",\"potentialAction\":[{\"@type\":\"ReadAction\",\"target\":[\"https:\\\/\\\/wartours.in.ua\\\/es\\\/about\\\/\"]}]},{\"@type\":\"BreadcrumbList\",\"@id\":\"https:\\\/\\\/wartours.in.ua\\\/es\\\/about\\\/#breadcrumb\",\"itemListElement\":[{\"@type\":\"ListItem\",\"position\":1,\"name\":\"\u0413\u043e\u043b\u043e\u0432\u043d\u0430\",\"item\":\"https:\\\/\\\/wartours.in.ua\\\/\"},{\"@type\":\"ListItem\",\"position\":2,\"name\":\"About\"}]},{\"@type\":\"WebSite\",\"@id\":\"https:\\\/\\\/wartours.in.ua\\\/es\\\/#website\",\"url\":\"https:\\\/\\\/wartours.in.ua\\\/es\\\/\",\"name\":\"WarTours Ukraine\",\"description\":\"Military tourism. Evidence of russian aggression with your own eyes\",\"publisher\":{\"@id\":\"https:\\\/\\\/wartours.in.ua\\\/es\\\/#organization\"},\"alternateName\":\"Military Tours in Ukraine\",\"potentialAction\":[{\"@type\":\"SearchAction\",\"target\":{\"@type\":\"EntryPoint\",\"urlTemplate\":\"https:\\\/\\\/wartours.in.ua\\\/es\\\/?s={search_term_string}\"},\"query-input\":{\"@type\":\"PropertyValueSpecification\",\"valueRequired\":true,\"valueName\":\"search_term_string\"}}],\"inLanguage\":\"es\"},{\"@type\":\"Organization\",\"@id\":\"https:\\\/\\\/wartours.in.ua\\\/es\\\/#organization\",\"name\":\"WarTours Ukraine\",\"alternateName\":\"MilitaryTours in Ukraine\",\"url\":\"https:\\\/\\\/wartours.in.ua\\\/es\\\/\",\"logo\":{\"@type\":\"ImageObject\",\"inLanguage\":\"es\",\"@id\":\"https:\\\/\\\/wartours.in.ua\\\/es\\\/#\\\/schema\\\/logo\\\/image\\\/\",\"url\":\"https:\\\/\\\/wartours.in.ua\\\/wp-content\\\/uploads\\\/2023\\\/01\\\/logo-04.png\",\"contentUrl\":\"https:\\\/\\\/wartours.in.ua\\\/wp-content\\\/uploads\\\/2023\\\/01\\\/logo-04.png\",\"width\":418,\"height\":129,\"caption\":\"WarTours Ukraine\"},\"image\":{\"@id\":\"https:\\\/\\\/wartours.in.ua\\\/es\\\/#\\\/schema\\\/logo\\\/image\\\/\"},\"sameAs\":[\"https:\\\/\\\/www.instagram.com\\\/wartours_in_ua\\\/\",\"https:\\\/\\\/www.linkedin.com\\\/company\\\/113094334\\\/admin\\\/dashboard\\\/\"]}]}<\/script>\n<!-- \/ Yoast SEO Premium plugin. -->","yoast_head_json":{"title":"Acerca de - WarTours Ucrania","robots":{"index":"index","follow":"follow","max-snippet":"max-snippet:-1","max-image-preview":"max-image-preview:large","max-video-preview":"max-video-preview:-1"},"canonical":"https:\/\/wartours.in.ua\/es\/acerca-de\/","og_locale":"es_ES","og_type":"article","og_title":"About","og_url":"https:\/\/wartours.in.ua\/es\/acerca-de\/","og_site_name":"WarTours Ukraine","og_image":[{"width":1200,"height":818,"url":"https:\/\/wartours.in.ua\/wp-content\/uploads\/2023\/02\/wartours.webp","type":"image\/webp"}],"twitter_card":"summary_large_image","twitter_misc":{"Tiempo de lectura":"2 minutos"},"schema":{"@context":"https:\/\/schema.org","@graph":[{"@type":"WebPage","@id":"https:\/\/wartours.in.ua\/es\/about\/","url":"https:\/\/wartours.in.ua\/es\/about\/","name":"Acerca de - WarTours Ucrania","isPartOf":{"@id":"https:\/\/wartours.in.ua\/es\/#website"},"datePublished":"2023-01-09T18:26:31+00:00","breadcrumb":{"@id":"https:\/\/wartours.in.ua\/es\/about\/#breadcrumb"},"inLanguage":"es","potentialAction":[{"@type":"ReadAction","target":["https:\/\/wartours.in.ua\/es\/about\/"]}]},{"@type":"BreadcrumbList","@id":"https:\/\/wartours.in.ua\/es\/about\/#breadcrumb","itemListElement":[{"@type":"ListItem","position":1,"name":"\u0413\u043e\u043b\u043e\u0432\u043d\u0430","item":"https:\/\/wartours.in.ua\/"},{"@type":"ListItem","position":2,"name":"About"}]},{"@type":"WebSite","@id":"https:\/\/wartours.in.ua\/es\/#website","url":"https:\/\/wartours.in.ua\/es\/","name":"WarTours Ucrania","description":"Turismo militar. Evidencia de agresi\u00f3n rusa con tus propios ojos.","publisher":{"@id":"https:\/\/wartours.in.ua\/es\/#organization"},"alternateName":"Military Tours in Ukraine","potentialAction":[{"@type":"SearchAction","target":{"@type":"EntryPoint","urlTemplate":"https:\/\/wartours.in.ua\/es\/?s={search_term_string}"},"query-input":{"@type":"PropertyValueSpecification","valueRequired":true,"valueName":"search_term_string"}}],"inLanguage":"es"},{"@type":"Organization","@id":"https:\/\/wartours.in.ua\/es\/#organization","name":"WarTours Ucrania","alternateName":"MilitaryTours in Ukraine","url":"https:\/\/wartours.in.ua\/es\/","logo":{"@type":"ImageObject","inLanguage":"es","@id":"https:\/\/wartours.in.ua\/es\/#\/schema\/logo\/image\/","url":"https:\/\/wartours.in.ua\/wp-content\/uploads\/2023\/01\/logo-04.png","contentUrl":"https:\/\/wartours.in.ua\/wp-content\/uploads\/2023\/01\/logo-04.png","width":418,"height":129,"caption":"WarTours Ukraine"},"image":{"@id":"https:\/\/wartours.in.ua\/es\/#\/schema\/logo\/image\/"},"sameAs":["https:\/\/www.instagram.com\/wartours_in_ua\/","https:\/\/www.linkedin.com\/company\/113094334\/admin\/dashboard\/"]}]}},"_links":{"self":[{"href":"https:\/\/wartours.in.ua\/es\/wp-json\/wp\/v2\/pages\/17","targetHints":{"allow":["GET"]}}],"collection":[{"href":"https:\/\/wartours.in.ua\/es\/wp-json\/wp\/v2\/pages"}],"about":[{"href":"https:\/\/wartours.in.ua\/es\/wp-json\/wp\/v2\/types\/page"}],"replies":[{"embeddable":true,"href":"https:\/\/wartours.in.ua\/es\/wp-json\/wp\/v2\/comments?post=17"}],"version-history":[{"count":0,"href":"https:\/\/wartours.in.ua\/es\/wp-json\/wp\/v2\/pages\/17\/revisions"}],"wp:attachment":[{"href":"https:\/\/wartours.in.ua\/es\/wp-json\/wp\/v2\/media?parent=17"}],"curies":[{"name":"gracias","href":"https:\/\/api.w.org\/{rel}","templated":true}]}}