{"id":105,"date":"2020-08-19T12:33:44","date_gmt":"2020-08-19T12:33:44","guid":{"rendered":"https:\/\/wartours.in.ua\/terms-conditions\/"},"modified":"2020-08-19T12:33:44","modified_gmt":"2020-08-19T12:33:44","slug":"termes-et-conditions","status":"publish","type":"page","link":"https:\/\/wartours.in.ua\/fr\/terms-conditions\/","title":{"rendered":"termes et conditions"},"content":{"rendered":"<div style=\"height:100px\" aria-hidden=\"true\" class=\"wp-block-spacer\"><\/div>\n\n\n\n<h2 class=\"wp-block-heading\">Conditions d&#039;utilisation d&#039;UiCore<\/h2>\n\n\n\n<h3 class=\"wp-block-heading\">1. Conditions<\/h3>\n\n\n\n<p>En acc\u00e9dant au site Web \u00e0 l&#039;adresse&nbsp;<a href=\"https:\/\/brisk.uicore.co\/\">https:\/\/brisk.uicore.co<\/a>, vous acceptez d&#039;\u00eatre li\u00e9 par ces conditions d&#039;utilisation, toutes les lois et r\u00e9glementations applicables, et acceptez que vous \u00eates responsable du respect de toutes les lois locales applicables. Si vous n&#039;\u00eates pas d&#039;accord avec l&#039;une de ces conditions, il vous est interdit d&#039;utiliser ou d&#039;acc\u00e9der \u00e0 ce site. Le mat\u00e9riel contenu dans ce site Web est prot\u00e9g\u00e9 par les lois applicables sur le droit d&#039;auteur et les marques de commerce.<\/p>\n\n\n\n<h3 class=\"wp-block-heading\">2. Utiliser la licence<\/h3>\n\n\n\n<ol class=\"wp-block-list\" type=\"a\"><li>L&#039;autorisation est accord\u00e9e de t\u00e9l\u00e9charger temporairement une copie des documents (informations ou logiciels) sur le site Web d&#039;UiCore pour une visualisation transitoire personnelle et non commerciale uniquement. Il s&#039;agit de l&#039;octroi d&#039;une licence, et non d&#039;un transfert de titre, et en vertu de cette licence, vous ne pouvez pas\u00a0:<ol type=\"i\"><li>modifier ou copier le mat\u00e9riel\u00a0;<\/li><li>utiliser le mat\u00e9riel \u00e0 des fins commerciales ou pour toute pr\u00e9sentation publique (commerciale ou non commerciale)\u00a0;<\/li><li>tenter de d\u00e9compiler ou de d\u00e9sosser tout logiciel contenu sur le site Web d&#039;UiCore\u00a0;<\/li><li>supprimer tout droit d&#039;auteur ou autres mentions de propri\u00e9t\u00e9 des documents\u00a0; ou<\/li><li>transf\u00e9rer le mat\u00e9riel \u00e0 une autre personne ou &quot;miroir&quot; le mat\u00e9riel sur tout autre serveur.<\/li><\/ol><\/li><li>Cette licence sera automatiquement r\u00e9sili\u00e9e si vous violez l&#039;une de ces restrictions et peut \u00eatre r\u00e9sili\u00e9e par UiCore \u00e0 tout moment. \u00c0 la fin de votre visionnage de ces documents ou \u00e0 la r\u00e9siliation de cette licence, vous devez d\u00e9truire tout mat\u00e9riel t\u00e9l\u00e9charg\u00e9 en votre possession, qu&#039;il soit sous forme \u00e9lectronique ou imprim\u00e9e.<\/li><\/ol>\n\n\n\n<h3 class=\"wp-block-heading\">3. Clause de non-responsabilit\u00e9<\/h3>\n\n\n\n<ol class=\"wp-block-list\" type=\"a\"><li>Le mat\u00e9riel sur le site Web d&#039;UiCore est fourni \u00ab tel quel \u00bb. UiCore ne donne aucune garantie, expresse ou implicite, et d\u00e9cline et annule par la pr\u00e9sente toutes les autres garanties, y compris, sans s&#039;y limiter, les garanties ou conditions implicites de qualit\u00e9 marchande, d&#039;ad\u00e9quation \u00e0 un usage particulier ou de non-violation de la propri\u00e9t\u00e9 intellectuelle ou autre violation des droits.<\/li><li>En outre, UiCore ne garantit ni ne fait aucune d\u00e9claration concernant l&#039;exactitude, les r\u00e9sultats probables ou la fiabilit\u00e9 de l&#039;utilisation du mat\u00e9riel sur son site Web ou autrement li\u00e9 \u00e0 ce mat\u00e9riel ou sur tout site li\u00e9 \u00e0 ce site.<\/li><\/ol>\n\n\n\n<h3 class=\"wp-block-heading\">4. Limites<\/h3>\n\n\n\n<p>En aucun cas, UiCore ou ses fournisseurs ne seront responsables de tout dommage (y compris, sans s&#039;y limiter, les dommages pour perte de donn\u00e9es ou de profit, ou en raison d&#039;une interruption d&#039;activit\u00e9) r\u00e9sultant de l&#039;utilisation ou de l&#039;impossibilit\u00e9 d&#039;utiliser le mat\u00e9riel sur le site Web d&#039;UiCore, m\u00eame si UiCore ou un repr\u00e9sentant autoris\u00e9 d&#039;UiCore a \u00e9t\u00e9 inform\u00e9 oralement ou par \u00e9crit de la possibilit\u00e9 d&#039;un tel dommage. \u00c9tant donn\u00e9 que certaines juridictions n&#039;autorisent pas les limitations de garanties implicites ou les limitations de responsabilit\u00e9 pour les dommages cons\u00e9cutifs ou accessoires, ces limitations peuvent ne pas s&#039;appliquer \u00e0 vous.<\/p>\n\n\n\n<h3 class=\"wp-block-heading\">5. Pr\u00e9cision des mat\u00e9riaux<\/h3>\n\n\n\n<p>Le mat\u00e9riel apparaissant sur le site Web d&#039;UiCore peut contenir des erreurs techniques, typographiques ou photographiques. UiCore ne garantit pas que les \u00e9l\u00e9ments de son site Web sont exacts, complets ou \u00e0 jour. UiCore peut apporter des modifications aux \u00e9l\u00e9ments contenus sur son site Web \u00e0 tout moment et sans pr\u00e9avis. Cependant, UiCore ne s&#039;engage pas \u00e0 mettre \u00e0 jour les mat\u00e9riaux.<\/p>\n\n\n\n<h3 class=\"wp-block-heading\">6. Liens<\/h3>\n\n\n\n<p>UiCore n&#039;a pas examin\u00e9 tous les sites li\u00e9s \u00e0 son site Web et n&#039;est pas responsable du contenu de ces sites li\u00e9s. L&#039;inclusion de tout lien n&#039;implique pas l&#039;approbation par UiCore du site. L&#039;utilisation d&#039;un tel site Web li\u00e9 est aux risques et p\u00e9rils de l&#039;utilisateur.<\/p>\n\n\n\n<h3 class=\"wp-block-heading\">7. Modifications<\/h3>\n\n\n\n<p>UiCore peut r\u00e9viser ces conditions d&#039;utilisation de son site Web \u00e0 tout moment et sans pr\u00e9avis. En utilisant ce site Web, vous acceptez d&#039;\u00eatre li\u00e9 par la version alors en vigueur de ces conditions d&#039;utilisation.<\/p>\n\n\n\n<h3 class=\"wp-block-heading\">8. Droit applicable<\/h3>\n\n\n\n<p>Ces termes et conditions sont r\u00e9gis et interpr\u00e9t\u00e9s conform\u00e9ment aux lois de la Roumanie et vous vous soumettez irr\u00e9vocablement \u00e0 la juridiction exclusive des tribunaux de cet \u00c9tat ou de cet endroit.<\/p>\n\n\n\n<div style=\"height:100px\" aria-hidden=\"true\" class=\"wp-block-spacer\"><\/div>","protected":false},"excerpt":{"rendered":"<p>UiCore Terms of Service 1. Terms By accessing the website at&nbsp;https:\/\/brisk.uicore.co, you are agreeing to be bound by these terms of service, [&hellip;]<\/p>\n","protected":false},"author":1,"featured_media":0,"parent":0,"menu_order":0,"comment_status":"closed","ping_status":"closed","template":"","meta":{"footnotes":""},"class_list":["post-105","page","type-page","status-publish","hentry"],"yoast_head":"<!-- This site is optimized with the Yoast SEO Premium plugin v27.4 (Yoast SEO v27.5) - https:\/\/yoast.com\/product\/yoast-seo-premium-wordpress\/ -->\n<title>Terms &amp; Conditions - WarTours Ukraine<\/title>\n<meta name=\"robots\" content=\"index, follow, max-snippet:-1, max-image-preview:large, max-video-preview:-1\" \/>\n<link rel=\"canonical\" href=\"https:\/\/wartours.in.ua\/fr\/termes-et-conditions\/\" \/>\n<meta property=\"og:locale\" content=\"fr_FR\" \/>\n<meta property=\"og:type\" content=\"article\" \/>\n<meta property=\"og:title\" content=\"Terms &amp; Conditions\" \/>\n<meta property=\"og:description\" content=\"UiCore Terms of Service 1. Terms By accessing the website at&nbsp;https:\/\/brisk.uicore.co, you are agreeing to be bound by these terms of service, [&hellip;]\" \/>\n<meta property=\"og:url\" content=\"https:\/\/wartours.in.ua\/fr\/termes-et-conditions\/\" \/>\n<meta property=\"og:site_name\" content=\"WarTours Ukraine\" \/>\n<meta property=\"og:image\" content=\"https:\/\/wartours.in.ua\/wp-content\/uploads\/2023\/02\/wartours.webp\" \/>\n\t<meta property=\"og:image:width\" content=\"1200\" \/>\n\t<meta property=\"og:image:height\" content=\"818\" \/>\n\t<meta property=\"og:image:type\" content=\"image\/webp\" \/>\n<meta name=\"twitter:card\" content=\"summary_large_image\" \/>\n<meta name=\"twitter:label1\" content=\"Dur\u00e9e de lecture estim\u00e9e\" \/>\n\t<meta name=\"twitter:data1\" content=\"3 minutes\" \/>\n<script type=\"application\/ld+json\" class=\"yoast-schema-graph\">{\"@context\":\"https:\\\/\\\/schema.org\",\"@graph\":[{\"@type\":\"WebPage\",\"@id\":\"https:\\\/\\\/wartours.in.ua\\\/fr\\\/terms-conditions\\\/\",\"url\":\"https:\\\/\\\/wartours.in.ua\\\/fr\\\/terms-conditions\\\/\",\"name\":\"Terms & Conditions - WarTours Ukraine\",\"isPartOf\":{\"@id\":\"https:\\\/\\\/wartours.in.ua\\\/fr\\\/#website\"},\"datePublished\":\"2020-08-19T12:33:44+00:00\",\"breadcrumb\":{\"@id\":\"https:\\\/\\\/wartours.in.ua\\\/fr\\\/terms-conditions\\\/#breadcrumb\"},\"inLanguage\":\"fr-FR\",\"potentialAction\":[{\"@type\":\"ReadAction\",\"target\":[\"https:\\\/\\\/wartours.in.ua\\\/fr\\\/terms-conditions\\\/\"]}]},{\"@type\":\"BreadcrumbList\",\"@id\":\"https:\\\/\\\/wartours.in.ua\\\/fr\\\/terms-conditions\\\/#breadcrumb\",\"itemListElement\":[{\"@type\":\"ListItem\",\"position\":1,\"name\":\"\u0413\u043e\u043b\u043e\u0432\u043d\u0430\",\"item\":\"https:\\\/\\\/wartours.in.ua\\\/\"},{\"@type\":\"ListItem\",\"position\":2,\"name\":\"Terms &#038; Conditions\"}]},{\"@type\":\"WebSite\",\"@id\":\"https:\\\/\\\/wartours.in.ua\\\/fr\\\/#website\",\"url\":\"https:\\\/\\\/wartours.in.ua\\\/fr\\\/\",\"name\":\"WarTours Ukraine\",\"description\":\"Military tourism. Evidence of russian aggression with your own eyes\",\"publisher\":{\"@id\":\"https:\\\/\\\/wartours.in.ua\\\/fr\\\/#organization\"},\"alternateName\":\"Military Tours in Ukraine\",\"potentialAction\":[{\"@type\":\"SearchAction\",\"target\":{\"@type\":\"EntryPoint\",\"urlTemplate\":\"https:\\\/\\\/wartours.in.ua\\\/fr\\\/?s={search_term_string}\"},\"query-input\":{\"@type\":\"PropertyValueSpecification\",\"valueRequired\":true,\"valueName\":\"search_term_string\"}}],\"inLanguage\":\"fr-FR\"},{\"@type\":\"Organization\",\"@id\":\"https:\\\/\\\/wartours.in.ua\\\/fr\\\/#organization\",\"name\":\"WarTours Ukraine\",\"alternateName\":\"MilitaryTours in Ukraine\",\"url\":\"https:\\\/\\\/wartours.in.ua\\\/fr\\\/\",\"logo\":{\"@type\":\"ImageObject\",\"inLanguage\":\"fr-FR\",\"@id\":\"https:\\\/\\\/wartours.in.ua\\\/fr\\\/#\\\/schema\\\/logo\\\/image\\\/\",\"url\":\"https:\\\/\\\/wartours.in.ua\\\/wp-content\\\/uploads\\\/2023\\\/01\\\/logo-04.png\",\"contentUrl\":\"https:\\\/\\\/wartours.in.ua\\\/wp-content\\\/uploads\\\/2023\\\/01\\\/logo-04.png\",\"width\":418,\"height\":129,\"caption\":\"WarTours Ukraine\"},\"image\":{\"@id\":\"https:\\\/\\\/wartours.in.ua\\\/fr\\\/#\\\/schema\\\/logo\\\/image\\\/\"},\"sameAs\":[\"https:\\\/\\\/www.instagram.com\\\/wartours_in_ua\\\/\",\"https:\\\/\\\/www.linkedin.com\\\/company\\\/113094334\\\/admin\\\/dashboard\\\/\"]}]}<\/script>\n<!-- \/ Yoast SEO Premium plugin. -->","yoast_head_json":{"title":"Conditions g\u00e9n\u00e9rales - WarTours Ukraine","robots":{"index":"index","follow":"follow","max-snippet":"max-snippet:-1","max-image-preview":"max-image-preview:large","max-video-preview":"max-video-preview:-1"},"canonical":"https:\/\/wartours.in.ua\/fr\/termes-et-conditions\/","og_locale":"fr_FR","og_type":"article","og_title":"Terms & Conditions","og_description":"UiCore Terms of Service 1. Terms By accessing the website at&nbsp;https:\/\/brisk.uicore.co, you are agreeing to be bound by these terms of service, [&hellip;]","og_url":"https:\/\/wartours.in.ua\/fr\/termes-et-conditions\/","og_site_name":"WarTours Ukraine","og_image":[{"width":1200,"height":818,"url":"https:\/\/wartours.in.ua\/wp-content\/uploads\/2023\/02\/wartours.webp","type":"image\/webp"}],"twitter_card":"summary_large_image","twitter_misc":{"Dur\u00e9e de lecture estim\u00e9e":"3 minutes"},"schema":{"@context":"https:\/\/schema.org","@graph":[{"@type":"WebPage","@id":"https:\/\/wartours.in.ua\/fr\/terms-conditions\/","url":"https:\/\/wartours.in.ua\/fr\/terms-conditions\/","name":"Conditions g\u00e9n\u00e9rales - WarTours Ukraine","isPartOf":{"@id":"https:\/\/wartours.in.ua\/fr\/#website"},"datePublished":"2020-08-19T12:33:44+00:00","breadcrumb":{"@id":"https:\/\/wartours.in.ua\/fr\/terms-conditions\/#breadcrumb"},"inLanguage":"fr-FR","potentialAction":[{"@type":"ReadAction","target":["https:\/\/wartours.in.ua\/fr\/terms-conditions\/"]}]},{"@type":"BreadcrumbList","@id":"https:\/\/wartours.in.ua\/fr\/terms-conditions\/#breadcrumb","itemListElement":[{"@type":"ListItem","position":1,"name":"\u0413\u043e\u043b\u043e\u0432\u043d\u0430","item":"https:\/\/wartours.in.ua\/"},{"@type":"ListItem","position":2,"name":"Terms &#038; Conditions"}]},{"@type":"WebSite","@id":"https:\/\/wartours.in.ua\/fr\/#website","url":"https:\/\/wartours.in.ua\/fr\/","name":"War Tours Ukraine","description":"Tourisme militaire. Preuve de l&#039;agression russe de vos propres yeux","publisher":{"@id":"https:\/\/wartours.in.ua\/fr\/#organization"},"alternateName":"Military Tours in Ukraine","potentialAction":[{"@type":"SearchAction","target":{"@type":"EntryPoint","urlTemplate":"https:\/\/wartours.in.ua\/fr\/?s={search_term_string}"},"query-input":{"@type":"PropertyValueSpecification","valueRequired":true,"valueName":"search_term_string"}}],"inLanguage":"fr-FR"},{"@type":"Organization","@id":"https:\/\/wartours.in.ua\/fr\/#organization","name":"War Tours Ukraine","alternateName":"MilitaryTours in Ukraine","url":"https:\/\/wartours.in.ua\/fr\/","logo":{"@type":"ImageObject","inLanguage":"fr-FR","@id":"https:\/\/wartours.in.ua\/fr\/#\/schema\/logo\/image\/","url":"https:\/\/wartours.in.ua\/wp-content\/uploads\/2023\/01\/logo-04.png","contentUrl":"https:\/\/wartours.in.ua\/wp-content\/uploads\/2023\/01\/logo-04.png","width":418,"height":129,"caption":"WarTours Ukraine"},"image":{"@id":"https:\/\/wartours.in.ua\/fr\/#\/schema\/logo\/image\/"},"sameAs":["https:\/\/www.instagram.com\/wartours_in_ua\/","https:\/\/www.linkedin.com\/company\/113094334\/admin\/dashboard\/"]}]}},"_links":{"self":[{"href":"https:\/\/wartours.in.ua\/fr\/wp-json\/wp\/v2\/pages\/105","targetHints":{"allow":["GET"]}}],"collection":[{"href":"https:\/\/wartours.in.ua\/fr\/wp-json\/wp\/v2\/pages"}],"about":[{"href":"https:\/\/wartours.in.ua\/fr\/wp-json\/wp\/v2\/types\/page"}],"author":[{"embeddable":true,"href":"https:\/\/wartours.in.ua\/fr\/wp-json\/wp\/v2\/users\/1"}],"replies":[{"embeddable":true,"href":"https:\/\/wartours.in.ua\/fr\/wp-json\/wp\/v2\/comments?post=105"}],"version-history":[{"count":0,"href":"https:\/\/wartours.in.ua\/fr\/wp-json\/wp\/v2\/pages\/105\/revisions"}],"wp:attachment":[{"href":"https:\/\/wartours.in.ua\/fr\/wp-json\/wp\/v2\/media?parent=105"}],"curies":[{"name":"wp","href":"https:\/\/api.w.org\/{rel}","templated":true}]}}