{"id":105,"date":"2020-08-19T12:33:44","date_gmt":"2020-08-19T12:33:44","guid":{"rendered":"https:\/\/wartours.in.ua\/terms-conditions\/"},"modified":"2020-08-19T12:33:44","modified_gmt":"2020-08-19T12:33:44","slug":"termini-amp-condizioni","status":"publish","type":"page","link":"https:\/\/wartours.in.ua\/it\/terms-conditions\/","title":{"rendered":"Termini &amp; Condizioni"},"content":{"rendered":"<div style=\"height:100px\" aria-hidden=\"true\" class=\"wp-block-spacer\"><\/div>\n\n\n\n<h2 class=\"wp-block-heading\">Termini di servizio di UiCore<\/h2>\n\n\n\n<h3 class=\"wp-block-heading\">1. Termini<\/h3>\n\n\n\n<p>Accedendo al sito all&#039;indirizzo&nbsp;<a href=\"https:\/\/brisk.uicore.co\/\">https:\/\/brisk.uicore.co<\/a>, accetti di essere vincolato dai presenti termini di servizio, da tutte le leggi e regolamenti applicabili e accetti di essere responsabile del rispetto di qualsiasi legge locale applicabile. Se non sei d&#039;accordo con nessuno di questi termini, ti \u00e8 vietato utilizzare o accedere a questo sito. I materiali contenuti in questo sito Web sono protetti dalle leggi sul diritto d&#039;autore e sui marchi applicabili.<\/p>\n\n\n\n<h3 class=\"wp-block-heading\">2. Licenza d&#039;uso<\/h3>\n\n\n\n<ol class=\"wp-block-list\" type=\"a\"><li>\u00c8 concesso il permesso di scaricare temporaneamente una copia dei materiali (informazioni o software) sul sito Web di UiCore solo per la visualizzazione transitoria personale e non commerciale. Questa \u00e8 la concessione di una licenza, non un trasferimento di propriet\u00e0, e in base a questa licenza non puoi:<ol type=\"i\"><li>modificare o copiare i materiali;<\/li><li>utilizzare i materiali per qualsiasi scopo commerciale o per qualsiasi visualizzazione pubblica (commerciale o non commerciale);<\/li><li>tentare di decompilare o decodificare qualsiasi software contenuto nel sito Web di UiCore;<\/li><li>rimuovere qualsiasi copyright o altre notazioni proprietarie dai materiali; O<\/li><li>trasferire i materiali a un&#039;altra persona o &quot;rispecchiare&quot; i materiali su qualsiasi altro server.<\/li><\/ol><\/li><li>Questa licenza terminer\u00e0 automaticamente in caso di violazione di una qualsiasi di queste restrizioni e potr\u00e0 essere risolta da UiCore in qualsiasi momento. Al termine della visualizzazione di questi materiali o al termine di questa licenza, \u00e8 necessario distruggere qualsiasi materiale scaricato in proprio possesso sia in formato elettronico che stampato.<\/li><\/ol>\n\n\n\n<h3 class=\"wp-block-heading\">3. Dichiarazione di non responsabilit\u00e0<\/h3>\n\n\n\n<ol class=\"wp-block-list\" type=\"a\"><li>I materiali sul sito Web di UiCore sono forniti &quot;cos\u00ec come sono&quot;. UiCore non fornisce alcuna garanzia, espressa o implicita, e con la presente declina e nega tutte le altre garanzie incluse, a titolo esemplificativo, garanzie implicite o condizioni di commerciabilit\u00e0, idoneit\u00e0 per uno scopo particolare o non violazione della propriet\u00e0 intellettuale o altra violazione dei diritti.<\/li><li>Inoltre, UiCore non garantisce n\u00e9 rilascia alcuna dichiarazione in merito all&#039;accuratezza, ai risultati probabili o all&#039;affidabilit\u00e0 dell&#039;uso dei materiali sul proprio sito Web o altrimenti relativi a tali materiali o su qualsiasi sito collegato a questo sito.<\/li><\/ol>\n\n\n\n<h3 class=\"wp-block-heading\">4. Limitazioni<\/h3>\n\n\n\n<p>In nessun caso UiCore o i suoi fornitori saranno responsabili per eventuali danni (inclusi, a titolo esemplificativo, danni per perdita di dati o profitti o per interruzione dell&#039;attivit\u00e0) derivanti dall&#039;uso o dall&#039;impossibilit\u00e0 di utilizzare i materiali sul sito Web di UiCore, anche se UiCore o un rappresentante autorizzato di UiCore \u00e8 stato informato oralmente o per iscritto della possibilit\u00e0 di tale danno. Poich\u00e9 alcune giurisdizioni non consentono limitazioni alle garanzie implicite o limitazioni di responsabilit\u00e0 per danni consequenziali o incidentali, tali limitazioni potrebbero non essere applicabili all&#039;utente.<\/p>\n\n\n\n<h3 class=\"wp-block-heading\">5. Precisione dei materiali<\/h3>\n\n\n\n<p>I materiali che appaiono sul sito Web di UiCore potrebbero includere errori tecnici, tipografici o fotografici. UiCore non garantisce che nessuno dei materiali sul proprio sito Web sia accurato, completo o aggiornato. UiCore pu\u00f2 apportare modifiche ai materiali contenuti nel proprio sito Web in qualsiasi momento senza preavviso. Tuttavia, UiCore non si impegna ad aggiornare i materiali.<\/p>\n\n\n\n<h3 class=\"wp-block-heading\">6. Collegamenti<\/h3>\n\n\n\n<p>UiCore non ha esaminato tutti i siti collegati al suo sito Web e non \u00e8 responsabile per i contenuti di tali siti collegati. L&#039;inclusione di qualsiasi collegamento non implica l&#039;approvazione da parte di UiCore del sito. L&#039;utilizzo di tali siti Web collegati \u00e8 a rischio dell&#039;utente.<\/p>\n\n\n\n<h3 class=\"wp-block-heading\">7. Modifiche<\/h3>\n\n\n\n<p>UiCore pu\u00f2 rivedere i presenti termini di servizio per il proprio sito Web in qualsiasi momento senza preavviso. Utilizzando questo sito Web accetti di essere vincolato dalla versione corrente di questi termini di servizio.<\/p>\n\n\n\n<h3 class=\"wp-block-heading\">8. Legge applicabile<\/h3>\n\n\n\n<p>Questi termini e condizioni sono regolati e interpretati in conformit\u00e0 con le leggi della Romania e l&#039;utente si sottomette irrevocabilmente alla giurisdizione esclusiva dei tribunali di tale Stato o localit\u00e0.<\/p>\n\n\n\n<div style=\"height:100px\" aria-hidden=\"true\" class=\"wp-block-spacer\"><\/div>","protected":false},"excerpt":{"rendered":"<p>UiCore Terms of Service 1. Terms By accessing the website at&nbsp;https:\/\/brisk.uicore.co, you are agreeing to be bound by these terms of service, [&hellip;]<\/p>\n","protected":false},"author":1,"featured_media":0,"parent":0,"menu_order":0,"comment_status":"closed","ping_status":"closed","template":"","meta":{"footnotes":""},"class_list":["post-105","page","type-page","status-publish","hentry"],"yoast_head":"<!-- This site is optimized with the Yoast SEO Premium plugin v27.4 (Yoast SEO v27.5) - https:\/\/yoast.com\/product\/yoast-seo-premium-wordpress\/ -->\n<title>Terms &amp; Conditions - WarTours Ukraine<\/title>\n<meta name=\"robots\" content=\"index, follow, max-snippet:-1, max-image-preview:large, max-video-preview:-1\" \/>\n<link rel=\"canonical\" href=\"https:\/\/wartours.in.ua\/it\/termini-amp-condizioni\/\" \/>\n<meta property=\"og:locale\" content=\"it_IT\" \/>\n<meta property=\"og:type\" content=\"article\" \/>\n<meta property=\"og:title\" content=\"Terms &amp; Conditions\" \/>\n<meta property=\"og:description\" content=\"UiCore Terms of Service 1. Terms By accessing the website at&nbsp;https:\/\/brisk.uicore.co, you are agreeing to be bound by these terms of service, [&hellip;]\" \/>\n<meta property=\"og:url\" content=\"https:\/\/wartours.in.ua\/it\/termini-amp-condizioni\/\" \/>\n<meta property=\"og:site_name\" content=\"WarTours Ukraine\" \/>\n<meta property=\"og:image\" content=\"https:\/\/wartours.in.ua\/wp-content\/uploads\/2023\/02\/wartours.webp\" \/>\n\t<meta property=\"og:image:width\" content=\"1200\" \/>\n\t<meta property=\"og:image:height\" content=\"818\" \/>\n\t<meta property=\"og:image:type\" content=\"image\/webp\" \/>\n<meta name=\"twitter:card\" content=\"summary_large_image\" \/>\n<meta name=\"twitter:label1\" content=\"Tempo di lettura stimato\" \/>\n\t<meta name=\"twitter:data1\" content=\"3 minuti\" \/>\n<script type=\"application\/ld+json\" class=\"yoast-schema-graph\">{\"@context\":\"https:\\\/\\\/schema.org\",\"@graph\":[{\"@type\":\"WebPage\",\"@id\":\"https:\\\/\\\/wartours.in.ua\\\/it\\\/terms-conditions\\\/\",\"url\":\"https:\\\/\\\/wartours.in.ua\\\/it\\\/terms-conditions\\\/\",\"name\":\"Terms & Conditions - WarTours Ukraine\",\"isPartOf\":{\"@id\":\"https:\\\/\\\/wartours.in.ua\\\/it\\\/#website\"},\"datePublished\":\"2020-08-19T12:33:44+00:00\",\"breadcrumb\":{\"@id\":\"https:\\\/\\\/wartours.in.ua\\\/it\\\/terms-conditions\\\/#breadcrumb\"},\"inLanguage\":\"it-IT\",\"potentialAction\":[{\"@type\":\"ReadAction\",\"target\":[\"https:\\\/\\\/wartours.in.ua\\\/it\\\/terms-conditions\\\/\"]}]},{\"@type\":\"BreadcrumbList\",\"@id\":\"https:\\\/\\\/wartours.in.ua\\\/it\\\/terms-conditions\\\/#breadcrumb\",\"itemListElement\":[{\"@type\":\"ListItem\",\"position\":1,\"name\":\"\u0413\u043e\u043b\u043e\u0432\u043d\u0430\",\"item\":\"https:\\\/\\\/wartours.in.ua\\\/\"},{\"@type\":\"ListItem\",\"position\":2,\"name\":\"Terms &#038; Conditions\"}]},{\"@type\":\"WebSite\",\"@id\":\"https:\\\/\\\/wartours.in.ua\\\/it\\\/#website\",\"url\":\"https:\\\/\\\/wartours.in.ua\\\/it\\\/\",\"name\":\"WarTours Ukraine\",\"description\":\"Military tourism. Evidence of russian aggression with your own eyes\",\"publisher\":{\"@id\":\"https:\\\/\\\/wartours.in.ua\\\/it\\\/#organization\"},\"alternateName\":\"Military Tours in Ukraine\",\"potentialAction\":[{\"@type\":\"SearchAction\",\"target\":{\"@type\":\"EntryPoint\",\"urlTemplate\":\"https:\\\/\\\/wartours.in.ua\\\/it\\\/?s={search_term_string}\"},\"query-input\":{\"@type\":\"PropertyValueSpecification\",\"valueRequired\":true,\"valueName\":\"search_term_string\"}}],\"inLanguage\":\"it-IT\"},{\"@type\":\"Organization\",\"@id\":\"https:\\\/\\\/wartours.in.ua\\\/it\\\/#organization\",\"name\":\"WarTours Ukraine\",\"alternateName\":\"MilitaryTours in Ukraine\",\"url\":\"https:\\\/\\\/wartours.in.ua\\\/it\\\/\",\"logo\":{\"@type\":\"ImageObject\",\"inLanguage\":\"it-IT\",\"@id\":\"https:\\\/\\\/wartours.in.ua\\\/it\\\/#\\\/schema\\\/logo\\\/image\\\/\",\"url\":\"https:\\\/\\\/wartours.in.ua\\\/wp-content\\\/uploads\\\/2023\\\/01\\\/logo-04.png\",\"contentUrl\":\"https:\\\/\\\/wartours.in.ua\\\/wp-content\\\/uploads\\\/2023\\\/01\\\/logo-04.png\",\"width\":418,\"height\":129,\"caption\":\"WarTours Ukraine\"},\"image\":{\"@id\":\"https:\\\/\\\/wartours.in.ua\\\/it\\\/#\\\/schema\\\/logo\\\/image\\\/\"},\"sameAs\":[\"https:\\\/\\\/www.instagram.com\\\/wartours_in_ua\\\/\",\"https:\\\/\\\/www.linkedin.com\\\/company\\\/113094334\\\/admin\\\/dashboard\\\/\"]}]}<\/script>\n<!-- \/ Yoast SEO Premium plugin. -->","yoast_head_json":{"title":"Termini e condizioni - WarTours Ucraina","robots":{"index":"index","follow":"follow","max-snippet":"max-snippet:-1","max-image-preview":"max-image-preview:large","max-video-preview":"max-video-preview:-1"},"canonical":"https:\/\/wartours.in.ua\/it\/termini-amp-condizioni\/","og_locale":"it_IT","og_type":"article","og_title":"Terms & Conditions","og_description":"UiCore Terms of Service 1. Terms By accessing the website at&nbsp;https:\/\/brisk.uicore.co, you are agreeing to be bound by these terms of service, [&hellip;]","og_url":"https:\/\/wartours.in.ua\/it\/termini-amp-condizioni\/","og_site_name":"WarTours Ukraine","og_image":[{"width":1200,"height":818,"url":"https:\/\/wartours.in.ua\/wp-content\/uploads\/2023\/02\/wartours.webp","type":"image\/webp"}],"twitter_card":"summary_large_image","twitter_misc":{"Tempo di lettura stimato":"3 minuti"},"schema":{"@context":"https:\/\/schema.org","@graph":[{"@type":"WebPage","@id":"https:\/\/wartours.in.ua\/it\/terms-conditions\/","url":"https:\/\/wartours.in.ua\/it\/terms-conditions\/","name":"Termini e condizioni - WarTours Ucraina","isPartOf":{"@id":"https:\/\/wartours.in.ua\/it\/#website"},"datePublished":"2020-08-19T12:33:44+00:00","breadcrumb":{"@id":"https:\/\/wartours.in.ua\/it\/terms-conditions\/#breadcrumb"},"inLanguage":"it-IT","potentialAction":[{"@type":"ReadAction","target":["https:\/\/wartours.in.ua\/it\/terms-conditions\/"]}]},{"@type":"BreadcrumbList","@id":"https:\/\/wartours.in.ua\/it\/terms-conditions\/#breadcrumb","itemListElement":[{"@type":"ListItem","position":1,"name":"\u0413\u043e\u043b\u043e\u0432\u043d\u0430","item":"https:\/\/wartours.in.ua\/"},{"@type":"ListItem","position":2,"name":"Terms &#038; Conditions"}]},{"@type":"WebSite","@id":"https:\/\/wartours.in.ua\/it\/#website","url":"https:\/\/wartours.in.ua\/it\/","name":"WarTours Ucraina","description":"Turismo militare. Prove dell&#039;aggressione russa con i tuoi occhi","publisher":{"@id":"https:\/\/wartours.in.ua\/it\/#organization"},"alternateName":"Military Tours in Ukraine","potentialAction":[{"@type":"SearchAction","target":{"@type":"EntryPoint","urlTemplate":"https:\/\/wartours.in.ua\/it\/?s={search_term_string}"},"query-input":{"@type":"PropertyValueSpecification","valueRequired":true,"valueName":"search_term_string"}}],"inLanguage":"it-IT"},{"@type":"Organization","@id":"https:\/\/wartours.in.ua\/it\/#organization","name":"WarTours Ucraina","alternateName":"MilitaryTours in Ukraine","url":"https:\/\/wartours.in.ua\/it\/","logo":{"@type":"ImageObject","inLanguage":"it-IT","@id":"https:\/\/wartours.in.ua\/it\/#\/schema\/logo\/image\/","url":"https:\/\/wartours.in.ua\/wp-content\/uploads\/2023\/01\/logo-04.png","contentUrl":"https:\/\/wartours.in.ua\/wp-content\/uploads\/2023\/01\/logo-04.png","width":418,"height":129,"caption":"WarTours Ukraine"},"image":{"@id":"https:\/\/wartours.in.ua\/it\/#\/schema\/logo\/image\/"},"sameAs":["https:\/\/www.instagram.com\/wartours_in_ua\/","https:\/\/www.linkedin.com\/company\/113094334\/admin\/dashboard\/"]}]}},"_links":{"self":[{"href":"https:\/\/wartours.in.ua\/it\/wp-json\/wp\/v2\/pages\/105","targetHints":{"allow":["GET"]}}],"collection":[{"href":"https:\/\/wartours.in.ua\/it\/wp-json\/wp\/v2\/pages"}],"about":[{"href":"https:\/\/wartours.in.ua\/it\/wp-json\/wp\/v2\/types\/page"}],"author":[{"embeddable":true,"href":"https:\/\/wartours.in.ua\/it\/wp-json\/wp\/v2\/users\/1"}],"replies":[{"embeddable":true,"href":"https:\/\/wartours.in.ua\/it\/wp-json\/wp\/v2\/comments?post=105"}],"version-history":[{"count":0,"href":"https:\/\/wartours.in.ua\/it\/wp-json\/wp\/v2\/pages\/105\/revisions"}],"wp:attachment":[{"href":"https:\/\/wartours.in.ua\/it\/wp-json\/wp\/v2\/media?parent=105"}],"curies":[{"name":"parola chiave","href":"https:\/\/api.w.org\/{rel}","templated":true}]}}