{"id":16,"date":"2023-01-09T18:26:31","date_gmt":"2023-01-09T18:26:31","guid":{"rendered":"https:\/\/wartours.in.ua\/service\/"},"modified":"2023-01-09T18:26:31","modified_gmt":"2023-01-09T18:26:31","slug":"servizio","status":"publish","type":"page","link":"https:\/\/wartours.in.ua\/it\/service\/","title":{"rendered":"Servizio"},"content":{"rendered":"<h1>Servizi<\/h1>\n\n\n\n\n\n<h2>I nostri servizi<\/h2>\n\n\n\n\n<p>Lo scopo dell&#039;utilizzo di Lorem Ipsum \u00e8 che ha una distribuzione delle lettere pi\u00f9 o meno normale, al contrario dell&#039;utilizzo di &quot;Contenuto qui, contenuto qui&quot;, che lo fa sembrare un inglese leggibile<\/p>\n\n\n<p>Il punto dell&#039;utilizzo di Lorem Ipsum \u00e8 che ha una distribuzione di lettere pi\u00f9 o meno normale, al contrario dell&#039;utilizzo di &quot;Contenuto qui, contenuto qui&quot;, che lo fa sembrare un inglese leggibile.<\/p>\n\n\n<p>Il punto dell&#039;utilizzo di Lorem Ipsum \u00e8 che ha una distribuzione di lettere pi\u00f9 o meno normale, al contrario dell&#039;utilizzo di &quot;Contenuto qui, contenuto qui&quot;, che lo fa sembrare un inglese leggibile.<\/p>\n\n\n\n\n\n\n<h2>I nostri Corsi<\/h2>\n\n\n\n\nEu turpis egestas pretium aenean pharetra magna ac placerat vestibulum lorem ipsum doler sit a met. Turpis in eu mi bibendum neque egestas congue quisque. Eu turpis egestas pretium aenean pharetra magna ac placerat vestibulum lorem ipsum doler sit a met. Turpis in eu mi bibendum neque egestas congue quisque. Eu turpis egestas pretium aenean pharetra magna ac placerat vestibulum lorem ipsum doler sit a met. Turpis in eu mi bibendum neque egestas congue quisque. Eu turpis egestas pretium aenean pharetra magna ac placerat vestibulum lorem ipsum doler sit a met. Turpis in eu mi bibendum neque egestas congue quisque. Eu turpis egestas pretium aenean pharetra magna ac placerat vestibulum lorem ipsum doler sit a met. Turpis in eu mi bibendum neque egestas congue quisque. Eu turpis egestas pretium aenean pharetra magna ac placerat vestibulum lorem ipsum doler sit a met. Turpis in eu mi bibendum neque egestas congue quisque.&nbsp;\n\n\n\n\n\n\n\n\n\n\n<h2>Storie di successo<\/h2>\n\n<p>Eu non diam phasellus vestibulum lorem, Excepteur sint occaecat cupidatat non proident, suntin culpa qui officia deserunt mollit animid est laborum, Phasellus imperdiet lacinia nulla, malesuada semper nibh sodales quis, Duis viverra ipsum dictum. \u00c8 un fatto consolidato da tempo che un lettore sar\u00e0 distratto dal contenuto leggibile di una pagina quando ne guarder\u00e0 il layout. Il punto dell&#039;utilizzo di Lorem Ipsum \u00e8 che ha una distribuzione di lettere pi\u00f9 o meno normale, al contrario dell&#039;utilizzo di &quot;Contenuto qui, contenuto qui&quot;, che lo fa sembrare un inglese leggibile.<\/p>\n<h3>\u2013 Sara Jones<\/h3>\n\n\n\n\n\n<h2>Perch\u00e9 scegliere noi<\/h2>\n\n\n\n\nEu turpis egestas pretium aenean pharetra magna ac placerat vestibulum lorem ipsum doler sit a met. Eu turpis egestas pretium aenean pharetra magna ac placerat vestibulum lorem ipsum doler sit a met. Eu turpis egestas pretium aenean pharetra magna ac placerat vestibulum lorem ipsum doler sit a met.&nbsp;\n\n\n\n\n\n\n\n\n<h2>Lascia che i numeri parlino<\/h2>\n\n\n\n\n\n\n\n\n\n\n\n\n\n\n\n\n\n\n\n\n<h2>Testimonianze<\/h2>\n\n\n\n\nIl punto dell&#039;utilizzo di Lorem Ipsum \u00e8 che ha una distribuzione di lettere pi\u00f9 o meno normale, al contrario dell&#039;utilizzo di &quot;Contenuto qui, contenuto qui&quot;, che lo fa sembrare un inglese leggibile. Il punto dell&#039;utilizzo di Lorem Ipsum \u00e8 che ha una distribuzione di lettere pi\u00f9 o meno normale, al contrario dell&#039;utilizzo di &quot;Contenuto qui, contenuto qui&quot;, che lo fa sembrare un inglese leggibile. Il punto dell&#039;utilizzo di Lorem Ipsum \u00e8 che ha una distribuzione di lettere pi\u00f9 o meno normale, al contrario dell&#039;utilizzo di &quot;Contenuto qui, contenuto qui&quot;, che lo fa sembrare un inglese leggibile.&nbsp;","protected":false},"excerpt":{"rendered":"","protected":false},"author":0,"featured_media":0,"parent":0,"menu_order":0,"comment_status":"closed","ping_status":"closed","template":"","meta":{"footnotes":""},"class_list":["post-16","page","type-page","status-publish","hentry"],"yoast_head":"<!-- This site is optimized with the Yoast SEO Premium plugin v27.4 (Yoast SEO v27.5) - https:\/\/yoast.com\/product\/yoast-seo-premium-wordpress\/ -->\n<title>Service - WarTours Ukraine<\/title>\n<meta name=\"robots\" content=\"index, follow, max-snippet:-1, max-image-preview:large, max-video-preview:-1\" \/>\n<link rel=\"canonical\" href=\"https:\/\/wartours.in.ua\/it\/servizio\/\" \/>\n<meta property=\"og:locale\" content=\"it_IT\" \/>\n<meta property=\"og:type\" content=\"article\" \/>\n<meta property=\"og:title\" content=\"Service\" \/>\n<meta property=\"og:url\" content=\"https:\/\/wartours.in.ua\/it\/servizio\/\" \/>\n<meta property=\"og:site_name\" content=\"WarTours Ukraine\" \/>\n<meta property=\"og:image\" content=\"https:\/\/wartours.in.ua\/wp-content\/uploads\/2023\/02\/wartours.webp\" \/>\n\t<meta property=\"og:image:width\" content=\"1200\" \/>\n\t<meta property=\"og:image:height\" content=\"818\" \/>\n\t<meta property=\"og:image:type\" content=\"image\/webp\" \/>\n<meta name=\"twitter:card\" content=\"summary_large_image\" \/>\n<meta name=\"twitter:label1\" content=\"Tempo di lettura stimato\" \/>\n\t<meta name=\"twitter:data1\" content=\"2 minuti\" \/>\n<script type=\"application\/ld+json\" class=\"yoast-schema-graph\">{\"@context\":\"https:\\\/\\\/schema.org\",\"@graph\":[{\"@type\":\"WebPage\",\"@id\":\"https:\\\/\\\/wartours.in.ua\\\/it\\\/service\\\/\",\"url\":\"https:\\\/\\\/wartours.in.ua\\\/it\\\/service\\\/\",\"name\":\"Service - WarTours Ukraine\",\"isPartOf\":{\"@id\":\"https:\\\/\\\/wartours.in.ua\\\/it\\\/#website\"},\"datePublished\":\"2023-01-09T18:26:31+00:00\",\"breadcrumb\":{\"@id\":\"https:\\\/\\\/wartours.in.ua\\\/it\\\/service\\\/#breadcrumb\"},\"inLanguage\":\"it-IT\",\"potentialAction\":[{\"@type\":\"ReadAction\",\"target\":[\"https:\\\/\\\/wartours.in.ua\\\/it\\\/service\\\/\"]}]},{\"@type\":\"BreadcrumbList\",\"@id\":\"https:\\\/\\\/wartours.in.ua\\\/it\\\/service\\\/#breadcrumb\",\"itemListElement\":[{\"@type\":\"ListItem\",\"position\":1,\"name\":\"\u0413\u043e\u043b\u043e\u0432\u043d\u0430\",\"item\":\"https:\\\/\\\/wartours.in.ua\\\/\"},{\"@type\":\"ListItem\",\"position\":2,\"name\":\"Service\"}]},{\"@type\":\"WebSite\",\"@id\":\"https:\\\/\\\/wartours.in.ua\\\/it\\\/#website\",\"url\":\"https:\\\/\\\/wartours.in.ua\\\/it\\\/\",\"name\":\"WarTours Ukraine\",\"description\":\"Military tourism. Evidence of russian aggression with your own eyes\",\"publisher\":{\"@id\":\"https:\\\/\\\/wartours.in.ua\\\/it\\\/#organization\"},\"alternateName\":\"Military Tours in Ukraine\",\"potentialAction\":[{\"@type\":\"SearchAction\",\"target\":{\"@type\":\"EntryPoint\",\"urlTemplate\":\"https:\\\/\\\/wartours.in.ua\\\/it\\\/?s={search_term_string}\"},\"query-input\":{\"@type\":\"PropertyValueSpecification\",\"valueRequired\":true,\"valueName\":\"search_term_string\"}}],\"inLanguage\":\"it-IT\"},{\"@type\":\"Organization\",\"@id\":\"https:\\\/\\\/wartours.in.ua\\\/it\\\/#organization\",\"name\":\"WarTours Ukraine\",\"alternateName\":\"MilitaryTours in Ukraine\",\"url\":\"https:\\\/\\\/wartours.in.ua\\\/it\\\/\",\"logo\":{\"@type\":\"ImageObject\",\"inLanguage\":\"it-IT\",\"@id\":\"https:\\\/\\\/wartours.in.ua\\\/it\\\/#\\\/schema\\\/logo\\\/image\\\/\",\"url\":\"https:\\\/\\\/wartours.in.ua\\\/wp-content\\\/uploads\\\/2023\\\/01\\\/logo-04.png\",\"contentUrl\":\"https:\\\/\\\/wartours.in.ua\\\/wp-content\\\/uploads\\\/2023\\\/01\\\/logo-04.png\",\"width\":418,\"height\":129,\"caption\":\"WarTours Ukraine\"},\"image\":{\"@id\":\"https:\\\/\\\/wartours.in.ua\\\/it\\\/#\\\/schema\\\/logo\\\/image\\\/\"},\"sameAs\":[\"https:\\\/\\\/www.instagram.com\\\/wartours_in_ua\\\/\",\"https:\\\/\\\/www.linkedin.com\\\/company\\\/113094334\\\/admin\\\/dashboard\\\/\"]}]}<\/script>\n<!-- \/ Yoast SEO Premium plugin. -->","yoast_head_json":{"title":"Servizio - WarTours Ucraina","robots":{"index":"index","follow":"follow","max-snippet":"max-snippet:-1","max-image-preview":"max-image-preview:large","max-video-preview":"max-video-preview:-1"},"canonical":"https:\/\/wartours.in.ua\/it\/servizio\/","og_locale":"it_IT","og_type":"article","og_title":"Service","og_url":"https:\/\/wartours.in.ua\/it\/servizio\/","og_site_name":"WarTours Ukraine","og_image":[{"width":1200,"height":818,"url":"https:\/\/wartours.in.ua\/wp-content\/uploads\/2023\/02\/wartours.webp","type":"image\/webp"}],"twitter_card":"summary_large_image","twitter_misc":{"Tempo di lettura stimato":"2 minuti"},"schema":{"@context":"https:\/\/schema.org","@graph":[{"@type":"WebPage","@id":"https:\/\/wartours.in.ua\/it\/service\/","url":"https:\/\/wartours.in.ua\/it\/service\/","name":"Servizio - WarTours Ucraina","isPartOf":{"@id":"https:\/\/wartours.in.ua\/it\/#website"},"datePublished":"2023-01-09T18:26:31+00:00","breadcrumb":{"@id":"https:\/\/wartours.in.ua\/it\/service\/#breadcrumb"},"inLanguage":"it-IT","potentialAction":[{"@type":"ReadAction","target":["https:\/\/wartours.in.ua\/it\/service\/"]}]},{"@type":"BreadcrumbList","@id":"https:\/\/wartours.in.ua\/it\/service\/#breadcrumb","itemListElement":[{"@type":"ListItem","position":1,"name":"\u0413\u043e\u043b\u043e\u0432\u043d\u0430","item":"https:\/\/wartours.in.ua\/"},{"@type":"ListItem","position":2,"name":"Service"}]},{"@type":"WebSite","@id":"https:\/\/wartours.in.ua\/it\/#website","url":"https:\/\/wartours.in.ua\/it\/","name":"WarTours Ucraina","description":"Turismo militare. Prove dell&#039;aggressione russa con i tuoi occhi","publisher":{"@id":"https:\/\/wartours.in.ua\/it\/#organization"},"alternateName":"Military Tours in Ukraine","potentialAction":[{"@type":"SearchAction","target":{"@type":"EntryPoint","urlTemplate":"https:\/\/wartours.in.ua\/it\/?s={search_term_string}"},"query-input":{"@type":"PropertyValueSpecification","valueRequired":true,"valueName":"search_term_string"}}],"inLanguage":"it-IT"},{"@type":"Organization","@id":"https:\/\/wartours.in.ua\/it\/#organization","name":"WarTours Ucraina","alternateName":"MilitaryTours in Ukraine","url":"https:\/\/wartours.in.ua\/it\/","logo":{"@type":"ImageObject","inLanguage":"it-IT","@id":"https:\/\/wartours.in.ua\/it\/#\/schema\/logo\/image\/","url":"https:\/\/wartours.in.ua\/wp-content\/uploads\/2023\/01\/logo-04.png","contentUrl":"https:\/\/wartours.in.ua\/wp-content\/uploads\/2023\/01\/logo-04.png","width":418,"height":129,"caption":"WarTours Ukraine"},"image":{"@id":"https:\/\/wartours.in.ua\/it\/#\/schema\/logo\/image\/"},"sameAs":["https:\/\/www.instagram.com\/wartours_in_ua\/","https:\/\/www.linkedin.com\/company\/113094334\/admin\/dashboard\/"]}]}},"_links":{"self":[{"href":"https:\/\/wartours.in.ua\/it\/wp-json\/wp\/v2\/pages\/16","targetHints":{"allow":["GET"]}}],"collection":[{"href":"https:\/\/wartours.in.ua\/it\/wp-json\/wp\/v2\/pages"}],"about":[{"href":"https:\/\/wartours.in.ua\/it\/wp-json\/wp\/v2\/types\/page"}],"replies":[{"embeddable":true,"href":"https:\/\/wartours.in.ua\/it\/wp-json\/wp\/v2\/comments?post=16"}],"version-history":[{"count":0,"href":"https:\/\/wartours.in.ua\/it\/wp-json\/wp\/v2\/pages\/16\/revisions"}],"wp:attachment":[{"href":"https:\/\/wartours.in.ua\/it\/wp-json\/wp\/v2\/media?parent=16"}],"curies":[{"name":"parola chiave","href":"https:\/\/api.w.org\/{rel}","templated":true}]}}