{"id":105,"date":"2020-08-19T12:33:44","date_gmt":"2020-08-19T12:33:44","guid":{"rendered":"https:\/\/wartours.in.ua\/terms-conditions\/"},"modified":"2020-08-19T12:33:44","modified_gmt":"2020-08-19T12:33:44","slug":"vilkar-og-betingelser","status":"publish","type":"page","link":"https:\/\/wartours.in.ua\/nb\/terms-conditions\/","title":{"rendered":"Betingelser og vilk\u00e5r"},"content":{"rendered":"<div style=\"height:100px\" aria-hidden=\"true\" class=\"wp-block-spacer\"><\/div>\n\n\n\n<h2 class=\"wp-block-heading\">UiCores vilk\u00e5r for bruk<\/h2>\n\n\n\n<h3 class=\"wp-block-heading\">1. Vilk\u00e5r<\/h3>\n\n\n\n<p>Ved \u00e5 g\u00e5 inn p\u00e5 nettsiden p\u00e5&nbsp;<a href=\"https:\/\/brisk.uicore.co\/\">https:\/\/brisk.uicore.co<\/a>, godtar du \u00e5 v\u00e6re bundet av disse tjenestevilk\u00e5rene, alle gjeldende lover og forskrifter, og godtar at du er ansvarlig for \u00e5 overholde gjeldende lokale lover. Hvis du ikke godtar noen av disse vilk\u00e5rene, har du forbud mot \u00e5 bruke eller f\u00e5 tilgang til dette nettstedet. Materialet p\u00e5 denne nettsiden er beskyttet av gjeldende opphavsrett og varemerkelov.<\/p>\n\n\n\n<h3 class=\"wp-block-heading\">2. Bruk lisens<\/h3>\n\n\n\n<ol class=\"wp-block-list\" type=\"a\"><li>Det gis tillatelse til midlertidig \u00e5 laste ned \u00e9n kopi av materialet (informasjon eller programvare) p\u00e5 UiCores nettsted kun for personlig, ikke-kommersiell forbig\u00e5ende visning. Dette er tildeling av en lisens, ikke en overf\u00f8ring av eiendom, og under denne lisensen kan du ikke:<ol type=\"i\"><li>endre eller kopiere materialet;<\/li><li>bruke materialet til kommersielle form\u00e5l, eller til offentlig visning (kommersiell eller ikke-kommersiell);<\/li><li>fors\u00f8ke \u00e5 dekompilere eller reversere programvare som finnes p\u00e5 UiCores nettsted;<\/li><li>fjerne opphavsrett eller andre eiendomsbetegnelser fra materialet; eller<\/li><li>overf\u00f8re materialet til en annen person eller &quot;speile&quot; materialet p\u00e5 en annen server.<\/li><\/ol><\/li><li>Denne lisensen opph\u00f8rer automatisk hvis du bryter noen av disse begrensningene og kan sies opp av UiCore n\u00e5r som helst. N\u00e5r du avslutter visningen av dette materialet eller ved oppsigelse av denne lisensen, m\u00e5 du \u00f8delegge alt nedlastet materiale i din besittelse, enten det er i elektronisk eller trykt format.<\/li><\/ol>\n\n\n\n<h3 class=\"wp-block-heading\">3. Ansvarsfraskrivelse<\/h3>\n\n\n\n<ol class=\"wp-block-list\" type=\"a\"><li>Materialet p\u00e5 UiCores nettsted er gitt p\u00e5 \u00absom det er\u00bb-basis. UiCore gir ingen garantier, uttrykte eller underforst\u00e5tte, og fraskriver seg og avviser herved alle andre garantier, inkludert, uten begrensning, underforst\u00e5tte garantier eller betingelser for salgbarhet, egnethet for et bestemt form\u00e5l, eller ikke-krenkelse av intellektuell eiendom eller andre brudd p\u00e5 rettigheter.<\/li><li>Videre garanterer eller gir ikke UiCore noen representasjoner ang\u00e5ende n\u00f8yaktigheten, sannsynlige resultater eller p\u00e5liteligheten av bruken av materialet p\u00e5 sin nettside eller p\u00e5 annen m\u00e5te relatert til slikt materiale eller p\u00e5 noen nettsteder som er lenket til dette nettstedet.<\/li><\/ol>\n\n\n\n<h3 class=\"wp-block-heading\">4. Begrensninger<\/h3>\n\n\n\n<p>UiCore eller dets leverand\u00f8rer skal under ingen omstendigheter holdes ansvarlig for skader (inkludert, uten begrensning, skader for tap av data eller fortjeneste, eller p\u00e5 grunn av forretningsavbrudd) som oppst\u00e5r som f\u00f8lge av bruk eller manglende evne til \u00e5 bruke materialet p\u00e5 UiCores nettsted, selv om UiCore eller en UiCore-autorisert representant har blitt varslet muntlig eller skriftlig om muligheten for slik skade. Fordi noen jurisdiksjoner ikke tillater begrensninger p\u00e5 underforst\u00e5tte garantier, eller begrensninger av ansvar for f\u00f8lgeskader eller tilfeldige skader, kan det hende at disse begrensningene ikke gjelder deg.<\/p>\n\n\n\n<h3 class=\"wp-block-heading\">5. N\u00f8yaktighet av materialer<\/h3>\n\n\n\n<p>Materialet som vises p\u00e5 UiCores nettsted kan inneholde tekniske, typografiske eller fotografiske feil. UiCore garanterer ikke at noe av materialet p\u00e5 nettstedet er n\u00f8yaktig, fullstendig eller oppdatert. UiCore kan gj\u00f8re endringer i materialet som finnes p\u00e5 nettsiden deres n\u00e5r som helst uten varsel. UiCore forplikter seg imidlertid ikke til \u00e5 oppdatere materialet.<\/p>\n\n\n\n<h3 class=\"wp-block-heading\">6. Lenker<\/h3>\n\n\n\n<p>UiCore har ikke gjennomg\u00e5tt alle nettstedene som er koblet til nettstedet og er ikke ansvarlig for innholdet p\u00e5 slike koblede nettsteder. Inkluderingen av noen lenker inneb\u00e6rer ikke at UiCore st\u00f8tter nettstedet. Bruk av slike koblede nettsider er p\u00e5 brukerens egen risiko.<\/p>\n\n\n\n<h3 class=\"wp-block-heading\">7. Modifikasjoner<\/h3>\n\n\n\n<p>UiCore kan revidere disse tjenestevilk\u00e5rene for nettstedet sitt n\u00e5r som helst uten varsel. Ved \u00e5 bruke denne nettsiden godtar du \u00e5 v\u00e6re bundet av gjeldende versjon av disse tjenestevilk\u00e5rene.<\/p>\n\n\n\n<h3 class=\"wp-block-heading\">8. Gjeldende lov<\/h3>\n\n\n\n<p>Disse vilk\u00e5rene og betingelsene styres av og tolkes i samsvar med lovene i Romania, og du underkaster deg ugjenkallelig den eksklusive jurisdiksjonen til domstolene i den staten eller stedet.<\/p>\n\n\n\n<div style=\"height:100px\" aria-hidden=\"true\" class=\"wp-block-spacer\"><\/div>","protected":false},"excerpt":{"rendered":"<p>UiCore Terms of Service 1. Terms By accessing the website at&nbsp;https:\/\/brisk.uicore.co, you are agreeing to be bound by these terms of service, [&hellip;]<\/p>\n","protected":false},"author":1,"featured_media":0,"parent":0,"menu_order":0,"comment_status":"closed","ping_status":"closed","template":"","meta":{"footnotes":""},"class_list":["post-105","page","type-page","status-publish","hentry"],"yoast_head":"<!-- This site is optimized with the Yoast SEO Premium plugin v27.4 (Yoast SEO v27.5) - https:\/\/yoast.com\/product\/yoast-seo-premium-wordpress\/ -->\n<title>Terms &amp; Conditions - WarTours Ukraine<\/title>\n<meta name=\"robots\" content=\"index, follow, max-snippet:-1, max-image-preview:large, max-video-preview:-1\" \/>\n<link rel=\"canonical\" href=\"https:\/\/wartours.in.ua\/nb\/vilkar-og-betingelser\/\" \/>\n<meta property=\"og:locale\" content=\"nb_NO\" \/>\n<meta property=\"og:type\" content=\"article\" \/>\n<meta property=\"og:title\" content=\"Terms &amp; Conditions\" \/>\n<meta property=\"og:description\" content=\"UiCore Terms of Service 1. Terms By accessing the website at&nbsp;https:\/\/brisk.uicore.co, you are agreeing to be bound by these terms of service, [&hellip;]\" \/>\n<meta property=\"og:url\" content=\"https:\/\/wartours.in.ua\/nb\/vilkar-og-betingelser\/\" \/>\n<meta property=\"og:site_name\" content=\"WarTours Ukraine\" \/>\n<meta property=\"og:image\" content=\"https:\/\/wartours.in.ua\/wp-content\/uploads\/2023\/02\/wartours.webp\" \/>\n\t<meta property=\"og:image:width\" content=\"1200\" \/>\n\t<meta property=\"og:image:height\" content=\"818\" \/>\n\t<meta property=\"og:image:type\" content=\"image\/webp\" \/>\n<meta name=\"twitter:card\" content=\"summary_large_image\" \/>\n<meta name=\"twitter:label1\" content=\"Ansl. lesetid\" \/>\n\t<meta name=\"twitter:data1\" content=\"3 minutter\" \/>\n<script type=\"application\/ld+json\" class=\"yoast-schema-graph\">{\"@context\":\"https:\\\/\\\/schema.org\",\"@graph\":[{\"@type\":\"WebPage\",\"@id\":\"https:\\\/\\\/wartours.in.ua\\\/nb\\\/terms-conditions\\\/\",\"url\":\"https:\\\/\\\/wartours.in.ua\\\/nb\\\/terms-conditions\\\/\",\"name\":\"Terms & Conditions - WarTours Ukraine\",\"isPartOf\":{\"@id\":\"https:\\\/\\\/wartours.in.ua\\\/nb\\\/#website\"},\"datePublished\":\"2020-08-19T12:33:44+00:00\",\"breadcrumb\":{\"@id\":\"https:\\\/\\\/wartours.in.ua\\\/nb\\\/terms-conditions\\\/#breadcrumb\"},\"inLanguage\":\"nb-NO\",\"potentialAction\":[{\"@type\":\"ReadAction\",\"target\":[\"https:\\\/\\\/wartours.in.ua\\\/nb\\\/terms-conditions\\\/\"]}]},{\"@type\":\"BreadcrumbList\",\"@id\":\"https:\\\/\\\/wartours.in.ua\\\/nb\\\/terms-conditions\\\/#breadcrumb\",\"itemListElement\":[{\"@type\":\"ListItem\",\"position\":1,\"name\":\"\u0413\u043e\u043b\u043e\u0432\u043d\u0430\",\"item\":\"https:\\\/\\\/wartours.in.ua\\\/\"},{\"@type\":\"ListItem\",\"position\":2,\"name\":\"Terms &#038; Conditions\"}]},{\"@type\":\"WebSite\",\"@id\":\"https:\\\/\\\/wartours.in.ua\\\/nb\\\/#website\",\"url\":\"https:\\\/\\\/wartours.in.ua\\\/nb\\\/\",\"name\":\"WarTours Ukraine\",\"description\":\"Military tourism. Evidence of russian aggression with your own eyes\",\"publisher\":{\"@id\":\"https:\\\/\\\/wartours.in.ua\\\/nb\\\/#organization\"},\"alternateName\":\"Military Tours in Ukraine\",\"potentialAction\":[{\"@type\":\"SearchAction\",\"target\":{\"@type\":\"EntryPoint\",\"urlTemplate\":\"https:\\\/\\\/wartours.in.ua\\\/nb\\\/?s={search_term_string}\"},\"query-input\":{\"@type\":\"PropertyValueSpecification\",\"valueRequired\":true,\"valueName\":\"search_term_string\"}}],\"inLanguage\":\"nb-NO\"},{\"@type\":\"Organization\",\"@id\":\"https:\\\/\\\/wartours.in.ua\\\/nb\\\/#organization\",\"name\":\"WarTours Ukraine\",\"alternateName\":\"MilitaryTours in Ukraine\",\"url\":\"https:\\\/\\\/wartours.in.ua\\\/nb\\\/\",\"logo\":{\"@type\":\"ImageObject\",\"inLanguage\":\"nb-NO\",\"@id\":\"https:\\\/\\\/wartours.in.ua\\\/nb\\\/#\\\/schema\\\/logo\\\/image\\\/\",\"url\":\"https:\\\/\\\/wartours.in.ua\\\/wp-content\\\/uploads\\\/2023\\\/01\\\/logo-04.png\",\"contentUrl\":\"https:\\\/\\\/wartours.in.ua\\\/wp-content\\\/uploads\\\/2023\\\/01\\\/logo-04.png\",\"width\":418,\"height\":129,\"caption\":\"WarTours Ukraine\"},\"image\":{\"@id\":\"https:\\\/\\\/wartours.in.ua\\\/nb\\\/#\\\/schema\\\/logo\\\/image\\\/\"},\"sameAs\":[\"https:\\\/\\\/www.instagram.com\\\/wartours_in_ua\\\/\",\"https:\\\/\\\/www.linkedin.com\\\/company\\\/113094334\\\/admin\\\/dashboard\\\/\"]}]}<\/script>\n<!-- \/ Yoast SEO Premium plugin. -->","yoast_head_json":{"title":"Vilk\u00e5r og betingelser - WarTours Ukraine","robots":{"index":"index","follow":"follow","max-snippet":"max-snippet:-1","max-image-preview":"max-image-preview:large","max-video-preview":"max-video-preview:-1"},"canonical":"https:\/\/wartours.in.ua\/nb\/vilkar-og-betingelser\/","og_locale":"nb_NO","og_type":"article","og_title":"Terms & Conditions","og_description":"UiCore Terms of Service 1. Terms By accessing the website at&nbsp;https:\/\/brisk.uicore.co, you are agreeing to be bound by these terms of service, [&hellip;]","og_url":"https:\/\/wartours.in.ua\/nb\/vilkar-og-betingelser\/","og_site_name":"WarTours Ukraine","og_image":[{"width":1200,"height":818,"url":"https:\/\/wartours.in.ua\/wp-content\/uploads\/2023\/02\/wartours.webp","type":"image\/webp"}],"twitter_card":"summary_large_image","twitter_misc":{"Ansl. lesetid":"3 minutter"},"schema":{"@context":"https:\/\/schema.org","@graph":[{"@type":"WebPage","@id":"https:\/\/wartours.in.ua\/nb\/terms-conditions\/","url":"https:\/\/wartours.in.ua\/nb\/terms-conditions\/","name":"Vilk\u00e5r og betingelser - WarTours Ukraine","isPartOf":{"@id":"https:\/\/wartours.in.ua\/nb\/#website"},"datePublished":"2020-08-19T12:33:44+00:00","breadcrumb":{"@id":"https:\/\/wartours.in.ua\/nb\/terms-conditions\/#breadcrumb"},"inLanguage":"nb-NO","potentialAction":[{"@type":"ReadAction","target":["https:\/\/wartours.in.ua\/nb\/terms-conditions\/"]}]},{"@type":"BreadcrumbList","@id":"https:\/\/wartours.in.ua\/nb\/terms-conditions\/#breadcrumb","itemListElement":[{"@type":"ListItem","position":1,"name":"\u0413\u043e\u043b\u043e\u0432\u043d\u0430","item":"https:\/\/wartours.in.ua\/"},{"@type":"ListItem","position":2,"name":"Terms &#038; Conditions"}]},{"@type":"WebSite","@id":"https:\/\/wartours.in.ua\/nb\/#website","url":"https:\/\/wartours.in.ua\/nb\/","name":"WarTours Ukraina","description":"Milit\u00e6r turisme. Bevis p\u00e5 russisk aggresjon med egne \u00f8yne","publisher":{"@id":"https:\/\/wartours.in.ua\/nb\/#organization"},"alternateName":"Military Tours in Ukraine","potentialAction":[{"@type":"SearchAction","target":{"@type":"EntryPoint","urlTemplate":"https:\/\/wartours.in.ua\/nb\/?s={search_term_string}"},"query-input":{"@type":"PropertyValueSpecification","valueRequired":true,"valueName":"search_term_string"}}],"inLanguage":"nb-NO"},{"@type":"Organization","@id":"https:\/\/wartours.in.ua\/nb\/#organization","name":"WarTours Ukraina","alternateName":"MilitaryTours in Ukraine","url":"https:\/\/wartours.in.ua\/nb\/","logo":{"@type":"ImageObject","inLanguage":"nb-NO","@id":"https:\/\/wartours.in.ua\/nb\/#\/schema\/logo\/image\/","url":"https:\/\/wartours.in.ua\/wp-content\/uploads\/2023\/01\/logo-04.png","contentUrl":"https:\/\/wartours.in.ua\/wp-content\/uploads\/2023\/01\/logo-04.png","width":418,"height":129,"caption":"WarTours Ukraine"},"image":{"@id":"https:\/\/wartours.in.ua\/nb\/#\/schema\/logo\/image\/"},"sameAs":["https:\/\/www.instagram.com\/wartours_in_ua\/","https:\/\/www.linkedin.com\/company\/113094334\/admin\/dashboard\/"]}]}},"_links":{"self":[{"href":"https:\/\/wartours.in.ua\/nb\/wp-json\/wp\/v2\/pages\/105","targetHints":{"allow":["GET"]}}],"collection":[{"href":"https:\/\/wartours.in.ua\/nb\/wp-json\/wp\/v2\/pages"}],"about":[{"href":"https:\/\/wartours.in.ua\/nb\/wp-json\/wp\/v2\/types\/page"}],"author":[{"embeddable":true,"href":"https:\/\/wartours.in.ua\/nb\/wp-json\/wp\/v2\/users\/1"}],"replies":[{"embeddable":true,"href":"https:\/\/wartours.in.ua\/nb\/wp-json\/wp\/v2\/comments?post=105"}],"version-history":[{"count":0,"href":"https:\/\/wartours.in.ua\/nb\/wp-json\/wp\/v2\/pages\/105\/revisions"}],"wp:attachment":[{"href":"https:\/\/wartours.in.ua\/nb\/wp-json\/wp\/v2\/media?parent=105"}],"curies":[{"name":"wp","href":"https:\/\/api.w.org\/{rel}","templated":true}]}}