{"id":17,"date":"2023-01-09T18:26:31","date_gmt":"2023-01-09T18:26:31","guid":{"rendered":"https:\/\/wartours.in.ua\/about\/"},"modified":"2023-01-09T18:26:31","modified_gmt":"2023-01-09T18:26:31","slug":"om","status":"publish","type":"page","link":"https:\/\/wartours.in.ua\/nb\/about\/","title":{"rendered":"Om"},"content":{"rendered":"<h1>Om oss<\/h1>\n\n\n\n\n\n\n\n\n\n\n<h2>Om oss<\/h2>\n\n\n<p>Excepteur sint occaecat cupidatat non proident, suntin culpa qui officia deserunt mollit animid est laborum. Phasellus imperdiet lacinia nulla, malesuada semper nibh sodales quis, Duis viverra ipsum dictum. Det er et lenge etablert faktum at en leser vil bli distrahert av det lesbare innholdet p\u00e5 en side n\u00e5r de ser p\u00e5 layouten. Poenget med \u00e5 bruke Lorem Ipsum er at den har en mer eller mindre normal fordeling av bokstaver, i motsetning til \u00e5 bruke &quot;Innhold her, innhold her&quot;, slik at det ser ut som lesbart engelsk. Magnam, consequatur quas ratione eaque praesentium eligendi voluptatum at harum mollitia rem veritatis accusantium pariatur.<\/p>\n\n\n\n\n\n\n\n<h2>Suksesshistorier<\/h2>\n\n<p>Eu non diam phasellus vestibulum lorem. Excepteur sint occaecat cupidatat non proident, suntin culpa qui officia deserunt mollit animid est laborum. Phasellus imperdiet lacinia nulla, malesuada semper nibh sodales quis, Duis viverra ipsum dictum. Det er et lenge etablert faktum at en leser vil bli distrahert av det lesbare innholdet p\u00e5 en side n\u00e5r han ser p\u00e5 layouten. Poenget med \u00e5 bruke Lorem Ipsum er at den har en mer eller mindre normal fordeling av bokstaver, i motsetning til \u00e5 bruke &quot;Innhold her, innhold her&quot;, slik at det ser ut som lesbart engelsk.<\/p>\n<h3>\u2013 Sarah Jones<\/h3>\n\n\n\n\n\n<h2>hvorfor velge oss<\/h2>\n\n\n\n\nEu turpis egestas pretium aenean pharetra magna ac plasseret vestibulum lorem ipsum doler sit a met. Eu turpis egestas pretium aenean pharetra magna ac plasseret vestibulum lorem ipsum doler sit a met. Eu turpis egestas pretium aenean pharetra magna ac plasseret vestibulum lorem ipsum doler sit a met.&nbsp;\n\n\n\n\n\n\n\n\n<h2>La tallene snakke<\/h2>\n\n\n\n\n\n\n\n\n\n\n\n\n\n\n\n\n\n\n\n\n<h2>Attester<\/h2>\n\n\n\n\n<span style=\"font-size: 14px\">Poenget med \u00e5 bruke Lorem Ipsum er at den har en mer eller mindre normal fordeling av bokstaver, i motsetning til \u00e5 bruke &quot;Innhold her, innhold her&quot;, slik at det ser ut som lesbart engelsk.&nbsp;<\/span>\n\n\n\n\n<span style=\"font-size: 14px\">Poenget med \u00e5 bruke Lorem Ipsum er at den har en mer eller mindre normal fordeling av bokstaver, i motsetning til \u00e5 bruke &quot;Innhold her, innhold her&quot;, slik at det ser ut som lesbart engelsk.&nbsp;<\/span>\n\n\n\n\n<span style=\"font-size: 14px\">Poenget med \u00e5 bruke Lorem Ipsum er at den har en mer eller mindre normal fordeling av bokstaver, i motsetning til \u00e5 bruke &quot;Innhold her, innhold her&quot;, slik at det ser ut som lesbart engelsk.&nbsp;<\/span>","protected":false},"excerpt":{"rendered":"","protected":false},"author":0,"featured_media":0,"parent":0,"menu_order":0,"comment_status":"closed","ping_status":"closed","template":"","meta":{"footnotes":""},"class_list":["post-17","page","type-page","status-publish","hentry"],"yoast_head":"<!-- This site is optimized with the Yoast SEO Premium plugin v27.4 (Yoast SEO v27.4) - https:\/\/yoast.com\/product\/yoast-seo-premium-wordpress\/ -->\n<title>About - WarTours Ukraine<\/title>\n<meta name=\"robots\" content=\"index, follow, max-snippet:-1, max-image-preview:large, max-video-preview:-1\" \/>\n<link rel=\"canonical\" href=\"https:\/\/wartours.in.ua\/nb\/om\/\" \/>\n<meta property=\"og:locale\" content=\"nb_NO\" \/>\n<meta property=\"og:type\" content=\"article\" \/>\n<meta property=\"og:title\" content=\"About\" \/>\n<meta property=\"og:url\" content=\"https:\/\/wartours.in.ua\/nb\/om\/\" \/>\n<meta property=\"og:site_name\" content=\"WarTours Ukraine\" \/>\n<meta property=\"og:image\" content=\"https:\/\/wartours.in.ua\/wp-content\/uploads\/2023\/02\/wartours.webp\" \/>\n\t<meta property=\"og:image:width\" content=\"1200\" \/>\n\t<meta property=\"og:image:height\" content=\"818\" \/>\n\t<meta property=\"og:image:type\" content=\"image\/webp\" \/>\n<meta name=\"twitter:card\" content=\"summary_large_image\" \/>\n<meta name=\"twitter:label1\" content=\"Ansl. lesetid\" \/>\n\t<meta name=\"twitter:data1\" content=\"2 minutter\" \/>\n<script type=\"application\/ld+json\" class=\"yoast-schema-graph\">{\"@context\":\"https:\\\/\\\/schema.org\",\"@graph\":[{\"@type\":\"WebPage\",\"@id\":\"https:\\\/\\\/wartours.in.ua\\\/nb\\\/about\\\/\",\"url\":\"https:\\\/\\\/wartours.in.ua\\\/nb\\\/about\\\/\",\"name\":\"About - WarTours Ukraine\",\"isPartOf\":{\"@id\":\"https:\\\/\\\/wartours.in.ua\\\/nb\\\/#website\"},\"datePublished\":\"2023-01-09T18:26:31+00:00\",\"breadcrumb\":{\"@id\":\"https:\\\/\\\/wartours.in.ua\\\/nb\\\/about\\\/#breadcrumb\"},\"inLanguage\":\"nb-NO\",\"potentialAction\":[{\"@type\":\"ReadAction\",\"target\":[\"https:\\\/\\\/wartours.in.ua\\\/nb\\\/about\\\/\"]}]},{\"@type\":\"BreadcrumbList\",\"@id\":\"https:\\\/\\\/wartours.in.ua\\\/nb\\\/about\\\/#breadcrumb\",\"itemListElement\":[{\"@type\":\"ListItem\",\"position\":1,\"name\":\"\u0413\u043e\u043b\u043e\u0432\u043d\u0430\",\"item\":\"https:\\\/\\\/wartours.in.ua\\\/\"},{\"@type\":\"ListItem\",\"position\":2,\"name\":\"About\"}]},{\"@type\":\"WebSite\",\"@id\":\"https:\\\/\\\/wartours.in.ua\\\/nb\\\/#website\",\"url\":\"https:\\\/\\\/wartours.in.ua\\\/nb\\\/\",\"name\":\"WarTours Ukraine\",\"description\":\"Military tourism. Evidence of russian aggression with your own eyes\",\"publisher\":{\"@id\":\"https:\\\/\\\/wartours.in.ua\\\/nb\\\/#organization\"},\"alternateName\":\"Military Tours in Ukraine\",\"potentialAction\":[{\"@type\":\"SearchAction\",\"target\":{\"@type\":\"EntryPoint\",\"urlTemplate\":\"https:\\\/\\\/wartours.in.ua\\\/nb\\\/?s={search_term_string}\"},\"query-input\":{\"@type\":\"PropertyValueSpecification\",\"valueRequired\":true,\"valueName\":\"search_term_string\"}}],\"inLanguage\":\"nb-NO\"},{\"@type\":\"Organization\",\"@id\":\"https:\\\/\\\/wartours.in.ua\\\/nb\\\/#organization\",\"name\":\"WarTours Ukraine\",\"alternateName\":\"MilitaryTours in Ukraine\",\"url\":\"https:\\\/\\\/wartours.in.ua\\\/nb\\\/\",\"logo\":{\"@type\":\"ImageObject\",\"inLanguage\":\"nb-NO\",\"@id\":\"https:\\\/\\\/wartours.in.ua\\\/nb\\\/#\\\/schema\\\/logo\\\/image\\\/\",\"url\":\"https:\\\/\\\/wartours.in.ua\\\/wp-content\\\/uploads\\\/2023\\\/01\\\/logo-04.png\",\"contentUrl\":\"https:\\\/\\\/wartours.in.ua\\\/wp-content\\\/uploads\\\/2023\\\/01\\\/logo-04.png\",\"width\":418,\"height\":129,\"caption\":\"WarTours Ukraine\"},\"image\":{\"@id\":\"https:\\\/\\\/wartours.in.ua\\\/nb\\\/#\\\/schema\\\/logo\\\/image\\\/\"},\"sameAs\":[\"https:\\\/\\\/www.instagram.com\\\/wartours_in_ua\\\/\",\"https:\\\/\\\/www.linkedin.com\\\/company\\\/113094334\\\/admin\\\/dashboard\\\/\"]}]}<\/script>\n<!-- \/ Yoast SEO Premium plugin. -->","yoast_head_json":{"title":"Om - WarTours Ukraine","robots":{"index":"index","follow":"follow","max-snippet":"max-snippet:-1","max-image-preview":"max-image-preview:large","max-video-preview":"max-video-preview:-1"},"canonical":"https:\/\/wartours.in.ua\/nb\/om\/","og_locale":"nb_NO","og_type":"article","og_title":"About","og_url":"https:\/\/wartours.in.ua\/nb\/om\/","og_site_name":"WarTours Ukraine","og_image":[{"width":1200,"height":818,"url":"https:\/\/wartours.in.ua\/wp-content\/uploads\/2023\/02\/wartours.webp","type":"image\/webp"}],"twitter_card":"summary_large_image","twitter_misc":{"Ansl. lesetid":"2 minutter"},"schema":{"@context":"https:\/\/schema.org","@graph":[{"@type":"WebPage","@id":"https:\/\/wartours.in.ua\/nb\/about\/","url":"https:\/\/wartours.in.ua\/nb\/about\/","name":"Om - WarTours Ukraine","isPartOf":{"@id":"https:\/\/wartours.in.ua\/nb\/#website"},"datePublished":"2023-01-09T18:26:31+00:00","breadcrumb":{"@id":"https:\/\/wartours.in.ua\/nb\/about\/#breadcrumb"},"inLanguage":"nb-NO","potentialAction":[{"@type":"ReadAction","target":["https:\/\/wartours.in.ua\/nb\/about\/"]}]},{"@type":"BreadcrumbList","@id":"https:\/\/wartours.in.ua\/nb\/about\/#breadcrumb","itemListElement":[{"@type":"ListItem","position":1,"name":"\u0413\u043e\u043b\u043e\u0432\u043d\u0430","item":"https:\/\/wartours.in.ua\/"},{"@type":"ListItem","position":2,"name":"About"}]},{"@type":"WebSite","@id":"https:\/\/wartours.in.ua\/nb\/#website","url":"https:\/\/wartours.in.ua\/nb\/","name":"WarTours Ukraina","description":"Milit\u00e6r turisme. Bevis p\u00e5 russisk aggresjon med egne \u00f8yne","publisher":{"@id":"https:\/\/wartours.in.ua\/nb\/#organization"},"alternateName":"Military Tours in Ukraine","potentialAction":[{"@type":"SearchAction","target":{"@type":"EntryPoint","urlTemplate":"https:\/\/wartours.in.ua\/nb\/?s={search_term_string}"},"query-input":{"@type":"PropertyValueSpecification","valueRequired":true,"valueName":"search_term_string"}}],"inLanguage":"nb-NO"},{"@type":"Organization","@id":"https:\/\/wartours.in.ua\/nb\/#organization","name":"WarTours Ukraina","alternateName":"MilitaryTours in Ukraine","url":"https:\/\/wartours.in.ua\/nb\/","logo":{"@type":"ImageObject","inLanguage":"nb-NO","@id":"https:\/\/wartours.in.ua\/nb\/#\/schema\/logo\/image\/","url":"https:\/\/wartours.in.ua\/wp-content\/uploads\/2023\/01\/logo-04.png","contentUrl":"https:\/\/wartours.in.ua\/wp-content\/uploads\/2023\/01\/logo-04.png","width":418,"height":129,"caption":"WarTours Ukraine"},"image":{"@id":"https:\/\/wartours.in.ua\/nb\/#\/schema\/logo\/image\/"},"sameAs":["https:\/\/www.instagram.com\/wartours_in_ua\/","https:\/\/www.linkedin.com\/company\/113094334\/admin\/dashboard\/"]}]}},"_links":{"self":[{"href":"https:\/\/wartours.in.ua\/nb\/wp-json\/wp\/v2\/pages\/17","targetHints":{"allow":["GET"]}}],"collection":[{"href":"https:\/\/wartours.in.ua\/nb\/wp-json\/wp\/v2\/pages"}],"about":[{"href":"https:\/\/wartours.in.ua\/nb\/wp-json\/wp\/v2\/types\/page"}],"replies":[{"embeddable":true,"href":"https:\/\/wartours.in.ua\/nb\/wp-json\/wp\/v2\/comments?post=17"}],"version-history":[{"count":0,"href":"https:\/\/wartours.in.ua\/nb\/wp-json\/wp\/v2\/pages\/17\/revisions"}],"wp:attachment":[{"href":"https:\/\/wartours.in.ua\/nb\/wp-json\/wp\/v2\/media?parent=17"}],"curies":[{"name":"wp","href":"https:\/\/api.w.org\/{rel}","templated":true}]}}