{"id":16,"date":"2023-01-09T18:26:31","date_gmt":"2023-01-09T18:26:31","guid":{"rendered":"https:\/\/wartours.in.ua\/service\/"},"modified":"2023-01-09T18:26:31","modified_gmt":"2023-01-09T18:26:31","slug":"praca","status":"publish","type":"page","link":"https:\/\/wartours.in.ua\/pl\/service\/","title":{"rendered":"Praca"},"content":{"rendered":"<h1>Us\u0142ugi<\/h1>\n\n\n\n\n\n<h2>Nasze Us\u0142ugi<\/h2>\n\n\n\n\n<p>Celem u\u017cywania Lorem Ipsum jest to, \u017ce ma mniej wi\u0119cej normalny rozk\u0142ad liter, w przeciwie\u0144stwie do u\u017cywania \u201eTre\u015b\u0107 tutaj, tre\u015b\u0107 tutaj\u201d, co sprawia, \u017ce wygl\u0105da jak czytelny angielski<\/p>\n\n\n<p>Sens u\u017cywania Lorem Ipsum polega na tym, \u017ce ma on mniej wi\u0119cej normalny rozk\u0142ad liter, w przeciwie\u0144stwie do u\u017cywania \u201eTre\u015b\u0107 tutaj, tre\u015b\u0107 tutaj\u201d, co sprawia, \u017ce wygl\u0105da jak czytelny angielski.<\/p>\n\n\n<p>Sens u\u017cywania Lorem Ipsum polega na tym, \u017ce ma on mniej wi\u0119cej normalny rozk\u0142ad liter, w przeciwie\u0144stwie do u\u017cywania \u201eTre\u015b\u0107 tutaj, tre\u015b\u0107 tutaj\u201d, co sprawia, \u017ce wygl\u0105da jak czytelny angielski.<\/p>\n\n\n\n\n\n\n<h2>Nasze kursy<\/h2>\n\n\n\n\nEu turpis egestas pretium aenean pharetra magna ac placerat vestibulum lorem ipsum doler sit a met. Turpis in eu mi bibendum neque egestas congue quisque. Eu turpis egestas pretium aenean pharetra magna ac placerat vestibulum lorem ipsum doler sit a met. Turpis in eu mi bibendum neque egestas congue quisque. Eu turpis egestas pretium aenean pharetra magna ac placerat vestibulum lorem ipsum doler sit a met. Turpis in eu mi bibendum neque egestas congue quisque. Eu turpis egestas pretium aenean pharetra magna ac placerat vestibulum lorem ipsum doler sit a met. Turpis in eu mi bibendum neque egestas congue quisque. Eu turpis egestas pretium aenean pharetra magna ac placerat vestibulum lorem ipsum doler sit a met. Turpis in eu mi bibendum neque egestas congue quisque. Eu turpis egestas pretium aenean pharetra magna ac placerat vestibulum lorem ipsum doler sit a met. Turpis in eu mi bibendum neque egestas congue quisque.&nbsp;\n\n\n\n\n\n\n\n\n\n\n<h2>Historie sukces\u00f3w<\/h2>\n\n<p>Eu non diam phasellus vestibulum lorem. Excepteur sint occaecat cupidatat non proident, suntin culpa qui officia deerunt mollit animid est laborum. Phasellus imperdiet lacinia nulla, malesuada semper nibh sodales quis, Duis viverra ipsum dictum. Od dawna wiadomo, \u017ce czytelnik b\u0119dzie rozpraszany czyteln\u0105 zawarto\u015bci\u0105 strony, patrz\u0105c na jej uk\u0142ad. Sens u\u017cywania Lorem Ipsum polega na tym, \u017ce ma on mniej wi\u0119cej normalny rozk\u0142ad liter, w przeciwie\u0144stwie do u\u017cywania \u201eTre\u015b\u0107 tutaj, tre\u015b\u0107 tutaj\u201d, co sprawia, \u017ce wygl\u0105da jak czytelny angielski.<\/p>\n<h3>\u2013 Sarah Jones<\/h3>\n\n\n\n\n\n<h2>Dlaczego w\u0142a\u015bnie my<\/h2>\n\n\n\n\nEu turpis egestas pretium aenean pharetra magna ac placerat vestibulum lorem ipsum doler sit a met. Eu turpis egestas pretium aenean pharetra magna ac placerat vestibulum lorem ipsum doler sit a met. Eu turpis egestas pretium aenean pharetra magna ac placerat vestibulum lorem ipsum doler sit a met.&nbsp;\n\n\n\n\n\n\n\n\n<h2>Niech przem\u00f3wi\u0105 liczby<\/h2>\n\n\n\n\n\n\n\n\n\n\n\n\n\n\n\n\n\n\n\n\n<h2>\u015awiadectwa<\/h2>\n\n\n\n\nSens u\u017cywania Lorem Ipsum polega na tym, \u017ce ma on mniej wi\u0119cej normalny rozk\u0142ad liter, w przeciwie\u0144stwie do u\u017cywania \u201eTre\u015b\u0107 tutaj, tre\u015b\u0107 tutaj\u201d, co sprawia, \u017ce wygl\u0105da jak czytelny angielski. Sens u\u017cywania Lorem Ipsum polega na tym, \u017ce ma on mniej wi\u0119cej normalny rozk\u0142ad liter, w przeciwie\u0144stwie do u\u017cywania \u201eTre\u015b\u0107 tutaj, tre\u015b\u0107 tutaj\u201d, co sprawia, \u017ce wygl\u0105da jak czytelny angielski. Sens u\u017cywania Lorem Ipsum polega na tym, \u017ce ma on mniej wi\u0119cej normalny rozk\u0142ad liter, w przeciwie\u0144stwie do u\u017cywania \u201eTre\u015b\u0107 tutaj, tre\u015b\u0107 tutaj\u201d, co sprawia, \u017ce wygl\u0105da jak czytelny angielski.&nbsp;","protected":false},"excerpt":{"rendered":"","protected":false},"author":0,"featured_media":0,"parent":0,"menu_order":0,"comment_status":"closed","ping_status":"closed","template":"","meta":{"footnotes":""},"class_list":["post-16","page","type-page","status-publish","hentry"],"yoast_head":"<!-- This site is optimized with the Yoast SEO Premium plugin v27.4 (Yoast SEO v27.5) - https:\/\/yoast.com\/product\/yoast-seo-premium-wordpress\/ -->\n<title>Service - WarTours Ukraine<\/title>\n<meta name=\"robots\" content=\"index, follow, max-snippet:-1, max-image-preview:large, max-video-preview:-1\" \/>\n<link rel=\"canonical\" href=\"https:\/\/wartours.in.ua\/pl\/praca\/\" \/>\n<meta property=\"og:locale\" content=\"pl_PL\" \/>\n<meta property=\"og:type\" content=\"article\" \/>\n<meta property=\"og:title\" content=\"Service\" \/>\n<meta property=\"og:url\" content=\"https:\/\/wartours.in.ua\/pl\/praca\/\" \/>\n<meta property=\"og:site_name\" content=\"WarTours Ukraine\" \/>\n<meta property=\"og:image\" content=\"https:\/\/wartours.in.ua\/wp-content\/uploads\/2023\/02\/wartours.webp\" \/>\n\t<meta property=\"og:image:width\" content=\"1200\" \/>\n\t<meta property=\"og:image:height\" content=\"818\" \/>\n\t<meta property=\"og:image:type\" content=\"image\/webp\" \/>\n<meta name=\"twitter:card\" content=\"summary_large_image\" \/>\n<meta name=\"twitter:label1\" content=\"Szacowany czas czytania\" \/>\n\t<meta name=\"twitter:data1\" content=\"2 minuty\" \/>\n<script type=\"application\/ld+json\" class=\"yoast-schema-graph\">{\"@context\":\"https:\\\/\\\/schema.org\",\"@graph\":[{\"@type\":\"WebPage\",\"@id\":\"https:\\\/\\\/wartours.in.ua\\\/pl\\\/service\\\/\",\"url\":\"https:\\\/\\\/wartours.in.ua\\\/pl\\\/service\\\/\",\"name\":\"Service - WarTours Ukraine\",\"isPartOf\":{\"@id\":\"https:\\\/\\\/wartours.in.ua\\\/pl\\\/#website\"},\"datePublished\":\"2023-01-09T18:26:31+00:00\",\"breadcrumb\":{\"@id\":\"https:\\\/\\\/wartours.in.ua\\\/pl\\\/service\\\/#breadcrumb\"},\"inLanguage\":\"pl-PL\",\"potentialAction\":[{\"@type\":\"ReadAction\",\"target\":[\"https:\\\/\\\/wartours.in.ua\\\/pl\\\/service\\\/\"]}]},{\"@type\":\"BreadcrumbList\",\"@id\":\"https:\\\/\\\/wartours.in.ua\\\/pl\\\/service\\\/#breadcrumb\",\"itemListElement\":[{\"@type\":\"ListItem\",\"position\":1,\"name\":\"\u0413\u043e\u043b\u043e\u0432\u043d\u0430\",\"item\":\"https:\\\/\\\/wartours.in.ua\\\/\"},{\"@type\":\"ListItem\",\"position\":2,\"name\":\"Service\"}]},{\"@type\":\"WebSite\",\"@id\":\"https:\\\/\\\/wartours.in.ua\\\/pl\\\/#website\",\"url\":\"https:\\\/\\\/wartours.in.ua\\\/pl\\\/\",\"name\":\"WarTours Ukraine\",\"description\":\"Military tourism. Evidence of russian aggression with your own eyes\",\"publisher\":{\"@id\":\"https:\\\/\\\/wartours.in.ua\\\/pl\\\/#organization\"},\"alternateName\":\"Military Tours in Ukraine\",\"potentialAction\":[{\"@type\":\"SearchAction\",\"target\":{\"@type\":\"EntryPoint\",\"urlTemplate\":\"https:\\\/\\\/wartours.in.ua\\\/pl\\\/?s={search_term_string}\"},\"query-input\":{\"@type\":\"PropertyValueSpecification\",\"valueRequired\":true,\"valueName\":\"search_term_string\"}}],\"inLanguage\":\"pl-PL\"},{\"@type\":\"Organization\",\"@id\":\"https:\\\/\\\/wartours.in.ua\\\/pl\\\/#organization\",\"name\":\"WarTours Ukraine\",\"alternateName\":\"MilitaryTours in Ukraine\",\"url\":\"https:\\\/\\\/wartours.in.ua\\\/pl\\\/\",\"logo\":{\"@type\":\"ImageObject\",\"inLanguage\":\"pl-PL\",\"@id\":\"https:\\\/\\\/wartours.in.ua\\\/pl\\\/#\\\/schema\\\/logo\\\/image\\\/\",\"url\":\"https:\\\/\\\/wartours.in.ua\\\/wp-content\\\/uploads\\\/2023\\\/01\\\/logo-04.png\",\"contentUrl\":\"https:\\\/\\\/wartours.in.ua\\\/wp-content\\\/uploads\\\/2023\\\/01\\\/logo-04.png\",\"width\":418,\"height\":129,\"caption\":\"WarTours Ukraine\"},\"image\":{\"@id\":\"https:\\\/\\\/wartours.in.ua\\\/pl\\\/#\\\/schema\\\/logo\\\/image\\\/\"},\"sameAs\":[\"https:\\\/\\\/www.instagram.com\\\/wartours_in_ua\\\/\",\"https:\\\/\\\/www.linkedin.com\\\/company\\\/113094334\\\/admin\\\/dashboard\\\/\"]}]}<\/script>\n<!-- \/ Yoast SEO Premium plugin. -->","yoast_head_json":{"title":"Serwis - WarTours Ukraina","robots":{"index":"index","follow":"follow","max-snippet":"max-snippet:-1","max-image-preview":"max-image-preview:large","max-video-preview":"max-video-preview:-1"},"canonical":"https:\/\/wartours.in.ua\/pl\/praca\/","og_locale":"pl_PL","og_type":"article","og_title":"Service","og_url":"https:\/\/wartours.in.ua\/pl\/praca\/","og_site_name":"WarTours Ukraine","og_image":[{"width":1200,"height":818,"url":"https:\/\/wartours.in.ua\/wp-content\/uploads\/2023\/02\/wartours.webp","type":"image\/webp"}],"twitter_card":"summary_large_image","twitter_misc":{"Szacowany czas czytania":"2 minuty"},"schema":{"@context":"https:\/\/schema.org","@graph":[{"@type":"WebPage","@id":"https:\/\/wartours.in.ua\/pl\/service\/","url":"https:\/\/wartours.in.ua\/pl\/service\/","name":"Serwis - WarTours Ukraina","isPartOf":{"@id":"https:\/\/wartours.in.ua\/pl\/#website"},"datePublished":"2023-01-09T18:26:31+00:00","breadcrumb":{"@id":"https:\/\/wartours.in.ua\/pl\/service\/#breadcrumb"},"inLanguage":"pl-PL","potentialAction":[{"@type":"ReadAction","target":["https:\/\/wartours.in.ua\/pl\/service\/"]}]},{"@type":"BreadcrumbList","@id":"https:\/\/wartours.in.ua\/pl\/service\/#breadcrumb","itemListElement":[{"@type":"ListItem","position":1,"name":"\u0413\u043e\u043b\u043e\u0432\u043d\u0430","item":"https:\/\/wartours.in.ua\/"},{"@type":"ListItem","position":2,"name":"Service"}]},{"@type":"WebSite","@id":"https:\/\/wartours.in.ua\/pl\/#website","url":"https:\/\/wartours.in.ua\/pl\/","name":"WarTours Ukraina","description":"Turystyka militarna. Dowody rosyjskiej agresji na w\u0142asne oczy","publisher":{"@id":"https:\/\/wartours.in.ua\/pl\/#organization"},"alternateName":"Military Tours in Ukraine","potentialAction":[{"@type":"SearchAction","target":{"@type":"EntryPoint","urlTemplate":"https:\/\/wartours.in.ua\/pl\/?s={search_term_string}"},"query-input":{"@type":"PropertyValueSpecification","valueRequired":true,"valueName":"search_term_string"}}],"inLanguage":"pl-PL"},{"@type":"Organization","@id":"https:\/\/wartours.in.ua\/pl\/#organization","name":"WarTours Ukraina","alternateName":"MilitaryTours in Ukraine","url":"https:\/\/wartours.in.ua\/pl\/","logo":{"@type":"ImageObject","inLanguage":"pl-PL","@id":"https:\/\/wartours.in.ua\/pl\/#\/schema\/logo\/image\/","url":"https:\/\/wartours.in.ua\/wp-content\/uploads\/2023\/01\/logo-04.png","contentUrl":"https:\/\/wartours.in.ua\/wp-content\/uploads\/2023\/01\/logo-04.png","width":418,"height":129,"caption":"WarTours Ukraine"},"image":{"@id":"https:\/\/wartours.in.ua\/pl\/#\/schema\/logo\/image\/"},"sameAs":["https:\/\/www.instagram.com\/wartours_in_ua\/","https:\/\/www.linkedin.com\/company\/113094334\/admin\/dashboard\/"]}]}},"_links":{"self":[{"href":"https:\/\/wartours.in.ua\/pl\/wp-json\/wp\/v2\/pages\/16","targetHints":{"allow":["GET"]}}],"collection":[{"href":"https:\/\/wartours.in.ua\/pl\/wp-json\/wp\/v2\/pages"}],"about":[{"href":"https:\/\/wartours.in.ua\/pl\/wp-json\/wp\/v2\/types\/page"}],"replies":[{"embeddable":true,"href":"https:\/\/wartours.in.ua\/pl\/wp-json\/wp\/v2\/comments?post=16"}],"version-history":[{"count":0,"href":"https:\/\/wartours.in.ua\/pl\/wp-json\/wp\/v2\/pages\/16\/revisions"}],"wp:attachment":[{"href":"https:\/\/wartours.in.ua\/pl\/wp-json\/wp\/v2\/media?parent=16"}],"curies":[{"name":"wp","href":"https:\/\/api.w.org\/{rel}","templated":true}]}}