{"id":105,"date":"2020-08-19T12:33:44","date_gmt":"2020-08-19T12:33:44","guid":{"rendered":"https:\/\/wartours.in.ua\/terms-conditions\/"},"modified":"2020-08-19T12:33:44","modified_gmt":"2020-08-19T12:33:44","slug":"villkor","status":"publish","type":"page","link":"https:\/\/wartours.in.ua\/sv\/terms-conditions\/","title":{"rendered":"Villkor"},"content":{"rendered":"<div style=\"height:100px\" aria-hidden=\"true\" class=\"wp-block-spacer\"><\/div>\n\n\n\n<h2 class=\"wp-block-heading\">UiCores anv\u00e4ndarvillkor<\/h2>\n\n\n\n<h3 class=\"wp-block-heading\">1. Villkor<\/h3>\n\n\n\n<p>Genom att bes\u00f6ka webbplatsen p\u00e5&nbsp;<a href=\"https:\/\/brisk.uicore.co\/\">https:\/\/brisk.uicore.co<\/a>, godk\u00e4nner du att vara bunden av dessa anv\u00e4ndarvillkor, alla till\u00e4mpliga lagar och f\u00f6rordningar, och samtycker till att du \u00e4r ansvarig f\u00f6r att f\u00f6lja alla till\u00e4mpliga lokala lagar. Om du inte godk\u00e4nner n\u00e5got av dessa villkor \u00e4r du f\u00f6rbjuden att anv\u00e4nda eller bes\u00f6ka denna webbplats. Materialet p\u00e5 denna webbplats \u00e4r skyddat av till\u00e4mplig upphovsr\u00e4tts- och varum\u00e4rkeslagstiftning.<\/p>\n\n\n\n<h3 class=\"wp-block-heading\">2. Anv\u00e4nd licens<\/h3>\n\n\n\n<ol class=\"wp-block-list\" type=\"a\"><li>Tillst\u00e5nd beviljas att tillf\u00e4lligt ladda ner en kopia av materialet (information eller programvara) p\u00e5 UiCores webbplats f\u00f6r personlig, icke-kommersiell och tillf\u00e4llig visning. Detta \u00e4r ett beviljande av en licens, inte en \u00f6verf\u00f6ring av \u00e4gander\u00e4tt, och under denna licens f\u00e5r du inte:<ol type=\"i\"><li>modifiera eller kopiera materialet;<\/li><li>anv\u00e4nda materialet f\u00f6r kommersiella \u00e4ndam\u00e5l eller f\u00f6r offentlig visning (kommersiell eller icke-kommersiell);<\/li><li>f\u00f6rs\u00f6ka dekompilera eller bak\u00e5tkompilera programvara som finns p\u00e5 UiCores webbplats;<\/li><li>ta bort alla upphovsr\u00e4ttsliga eller andra \u00e4gander\u00e4ttsliga anteckningar fr\u00e5n materialet; eller<\/li><li>\u00f6verf\u00f6ra materialet till en annan person eller &quot;spegla&quot; materialet p\u00e5 n\u00e5gon annan server.<\/li><\/ol><\/li><li>Denna licens upph\u00f6r automatiskt om du bryter mot n\u00e5gon av dessa begr\u00e4nsningar och kan s\u00e4gas upp av UiCore n\u00e4r som helst. N\u00e4r du avslutar din visning av detta material eller n\u00e4r denna licens upph\u00f6r m\u00e5ste du f\u00f6rst\u00f6ra allt nedladdat material i din besittning, oavsett om det \u00e4r i elektroniskt eller tryckt format.<\/li><\/ol>\n\n\n\n<h3 class=\"wp-block-heading\">3. Friskrivningsklausul<\/h3>\n\n\n\n<ol class=\"wp-block-list\" type=\"a\"><li>Materialet p\u00e5 UiCores webbplats tillhandah\u00e5lls i befintligt skick. UiCore l\u00e4mnar inga garantier, vare sig uttryckliga eller underf\u00f6rst\u00e5dda, och fr\u00e5ns\u00e4ger sig h\u00e4rmed alla andra garantier, inklusive, utan begr\u00e4nsning, underf\u00f6rst\u00e5dda garantier eller villkor f\u00f6r s\u00e4ljbarhet, l\u00e4mplighet f\u00f6r ett visst \u00e4ndam\u00e5l eller icke-intr\u00e5ng i immateriella r\u00e4ttigheter eller andra intr\u00e5ng i r\u00e4ttigheter.<\/li><li>Vidare garanterar eller g\u00f6r UiCore inga utf\u00e4stelser g\u00e4llande riktigheten, sannolika resultat eller tillf\u00f6rlitligheten i anv\u00e4ndningen av materialet p\u00e5 sin webbplats eller p\u00e5 annat s\u00e4tt relaterat till s\u00e5dant material eller p\u00e5 n\u00e5gra webbplatser som \u00e4r l\u00e4nkade till denna webbplats.<\/li><\/ol>\n\n\n\n<h3 class=\"wp-block-heading\">4. Begr\u00e4nsningar<\/h3>\n\n\n\n<p>UiCore eller dess leverant\u00f6rer ska under inga omst\u00e4ndigheter vara ansvariga f\u00f6r n\u00e5gra skador (inklusive, utan begr\u00e4nsning, skador f\u00f6r f\u00f6rlust av data eller vinst, eller p\u00e5 grund av avbrott i verksamheten) som uppst\u00e5r p\u00e5 grund av anv\u00e4ndning eller of\u00f6rm\u00e5ga att anv\u00e4nda materialet p\u00e5 UiCores webbplats, \u00e4ven om UiCore eller en auktoriserad representant f\u00f6r UiCore har underr\u00e4ttats muntligt eller skriftligt om m\u00f6jligheten till s\u00e5dan skada. Eftersom vissa jurisdiktioner inte till\u00e5ter begr\u00e4nsningar av underf\u00f6rst\u00e5dda garantier eller begr\u00e4nsningar av ansvar f\u00f6r f\u00f6ljdskador eller of\u00f6rutsedda skador, kanske dessa begr\u00e4nsningar inte g\u00e4ller dig.<\/p>\n\n\n\n<h3 class=\"wp-block-heading\">5. Materialens noggrannhet<\/h3>\n\n\n\n<p>Materialet som visas p\u00e5 UiCores webbplats kan inneh\u00e5lla tekniska, typografiska eller fotografiska fel. UiCore garanterar inte att n\u00e5got av materialet p\u00e5 webbplatsen \u00e4r korrekt, fullst\u00e4ndigt eller aktuellt. UiCore kan n\u00e4r som helst utan f\u00f6reg\u00e5ende meddelande g\u00f6ra \u00e4ndringar i materialet p\u00e5 webbplatsen. UiCore \u00e5tar sig dock inte att uppdatera materialet.<\/p>\n\n\n\n<h3 class=\"wp-block-heading\">6. L\u00e4nkar<\/h3>\n\n\n\n<p>UiCore har inte granskat alla webbplatser som l\u00e4nkas till sin webbplats och ansvarar inte f\u00f6r inneh\u00e5llet p\u00e5 s\u00e5dana l\u00e4nkade webbplatser. Inkluderingen av en l\u00e4nk inneb\u00e4r inte att UiCore godk\u00e4nner webbplatsen. Anv\u00e4ndning av s\u00e5dana l\u00e4nkade webbplatser sker p\u00e5 anv\u00e4ndarens egen risk.<\/p>\n\n\n\n<h3 class=\"wp-block-heading\">7. Modifieringar<\/h3>\n\n\n\n<p>UiCore kan n\u00e4r som helst revidera dessa anv\u00e4ndarvillkor f\u00f6r sin webbplats utan f\u00f6reg\u00e5ende meddelande. Genom att anv\u00e4nda denna webbplats godk\u00e4nner du att vara bunden av den d\u00e5 g\u00e4llande versionen av dessa anv\u00e4ndarvillkor.<\/p>\n\n\n\n<h3 class=\"wp-block-heading\">8. Till\u00e4mplig lag<\/h3>\n\n\n\n<p>Dessa villkor regleras av och tolkas i enlighet med Rum\u00e4niens lagar och du underkastar dig o\u00e5terkalleligen domstolarnas exklusiva jurisdiktion i den staten eller p\u00e5 den platsen.<\/p>\n\n\n\n<div style=\"height:100px\" aria-hidden=\"true\" class=\"wp-block-spacer\"><\/div>","protected":false},"excerpt":{"rendered":"<p>UiCore Terms of Service 1. Terms By accessing the website at&nbsp;https:\/\/brisk.uicore.co, you are agreeing to be bound by these terms of service, [&hellip;]<\/p>\n","protected":false},"author":1,"featured_media":0,"parent":0,"menu_order":0,"comment_status":"closed","ping_status":"closed","template":"","meta":{"footnotes":""},"class_list":["post-105","page","type-page","status-publish","hentry"],"yoast_head":"<!-- This site is optimized with the Yoast SEO Premium plugin v27.4 (Yoast SEO v27.5) - https:\/\/yoast.com\/product\/yoast-seo-premium-wordpress\/ -->\n<title>Terms &amp; Conditions - WarTours Ukraine<\/title>\n<meta name=\"robots\" content=\"index, follow, max-snippet:-1, max-image-preview:large, max-video-preview:-1\" \/>\n<link rel=\"canonical\" href=\"https:\/\/wartours.in.ua\/sv\/villkor\/\" \/>\n<meta property=\"og:locale\" content=\"sv_SE\" \/>\n<meta property=\"og:type\" content=\"article\" \/>\n<meta property=\"og:title\" content=\"Terms &amp; Conditions\" \/>\n<meta property=\"og:description\" content=\"UiCore Terms of Service 1. Terms By accessing the website at&nbsp;https:\/\/brisk.uicore.co, you are agreeing to be bound by these terms of service, [&hellip;]\" \/>\n<meta property=\"og:url\" content=\"https:\/\/wartours.in.ua\/sv\/villkor\/\" \/>\n<meta property=\"og:site_name\" content=\"WarTours Ukraine\" \/>\n<meta property=\"og:image\" content=\"https:\/\/wartours.in.ua\/wp-content\/uploads\/2023\/02\/wartours.webp\" \/>\n\t<meta property=\"og:image:width\" content=\"1200\" \/>\n\t<meta property=\"og:image:height\" content=\"818\" \/>\n\t<meta property=\"og:image:type\" content=\"image\/webp\" \/>\n<meta name=\"twitter:card\" content=\"summary_large_image\" \/>\n<meta name=\"twitter:label1\" content=\"Ber\u00e4knad l\u00e4stid\" \/>\n\t<meta name=\"twitter:data1\" content=\"3 minuter\" \/>\n<script type=\"application\/ld+json\" class=\"yoast-schema-graph\">{\"@context\":\"https:\\\/\\\/schema.org\",\"@graph\":[{\"@type\":\"WebPage\",\"@id\":\"https:\\\/\\\/wartours.in.ua\\\/sv\\\/terms-conditions\\\/\",\"url\":\"https:\\\/\\\/wartours.in.ua\\\/sv\\\/terms-conditions\\\/\",\"name\":\"Terms & Conditions - WarTours Ukraine\",\"isPartOf\":{\"@id\":\"https:\\\/\\\/wartours.in.ua\\\/sv\\\/#website\"},\"datePublished\":\"2020-08-19T12:33:44+00:00\",\"breadcrumb\":{\"@id\":\"https:\\\/\\\/wartours.in.ua\\\/sv\\\/terms-conditions\\\/#breadcrumb\"},\"inLanguage\":\"sv-SE\",\"potentialAction\":[{\"@type\":\"ReadAction\",\"target\":[\"https:\\\/\\\/wartours.in.ua\\\/sv\\\/terms-conditions\\\/\"]}]},{\"@type\":\"BreadcrumbList\",\"@id\":\"https:\\\/\\\/wartours.in.ua\\\/sv\\\/terms-conditions\\\/#breadcrumb\",\"itemListElement\":[{\"@type\":\"ListItem\",\"position\":1,\"name\":\"\u0413\u043e\u043b\u043e\u0432\u043d\u0430\",\"item\":\"https:\\\/\\\/wartours.in.ua\\\/\"},{\"@type\":\"ListItem\",\"position\":2,\"name\":\"Terms &#038; Conditions\"}]},{\"@type\":\"WebSite\",\"@id\":\"https:\\\/\\\/wartours.in.ua\\\/sv\\\/#website\",\"url\":\"https:\\\/\\\/wartours.in.ua\\\/sv\\\/\",\"name\":\"WarTours Ukraine\",\"description\":\"Military tourism. Evidence of russian aggression with your own eyes\",\"publisher\":{\"@id\":\"https:\\\/\\\/wartours.in.ua\\\/sv\\\/#organization\"},\"alternateName\":\"Military Tours in Ukraine\",\"potentialAction\":[{\"@type\":\"SearchAction\",\"target\":{\"@type\":\"EntryPoint\",\"urlTemplate\":\"https:\\\/\\\/wartours.in.ua\\\/sv\\\/?s={search_term_string}\"},\"query-input\":{\"@type\":\"PropertyValueSpecification\",\"valueRequired\":true,\"valueName\":\"search_term_string\"}}],\"inLanguage\":\"sv-SE\"},{\"@type\":\"Organization\",\"@id\":\"https:\\\/\\\/wartours.in.ua\\\/sv\\\/#organization\",\"name\":\"WarTours Ukraine\",\"alternateName\":\"MilitaryTours in Ukraine\",\"url\":\"https:\\\/\\\/wartours.in.ua\\\/sv\\\/\",\"logo\":{\"@type\":\"ImageObject\",\"inLanguage\":\"sv-SE\",\"@id\":\"https:\\\/\\\/wartours.in.ua\\\/sv\\\/#\\\/schema\\\/logo\\\/image\\\/\",\"url\":\"https:\\\/\\\/wartours.in.ua\\\/wp-content\\\/uploads\\\/2023\\\/01\\\/logo-04.png\",\"contentUrl\":\"https:\\\/\\\/wartours.in.ua\\\/wp-content\\\/uploads\\\/2023\\\/01\\\/logo-04.png\",\"width\":418,\"height\":129,\"caption\":\"WarTours Ukraine\"},\"image\":{\"@id\":\"https:\\\/\\\/wartours.in.ua\\\/sv\\\/#\\\/schema\\\/logo\\\/image\\\/\"},\"sameAs\":[\"https:\\\/\\\/www.instagram.com\\\/wartours_in_ua\\\/\",\"https:\\\/\\\/www.linkedin.com\\\/company\\\/113094334\\\/admin\\\/dashboard\\\/\"]}]}<\/script>\n<!-- \/ Yoast SEO Premium plugin. -->","yoast_head_json":{"title":"Villkor - WarTours Ukraina","robots":{"index":"index","follow":"follow","max-snippet":"max-snippet:-1","max-image-preview":"max-image-preview:large","max-video-preview":"max-video-preview:-1"},"canonical":"https:\/\/wartours.in.ua\/sv\/villkor\/","og_locale":"sv_SE","og_type":"article","og_title":"Terms & Conditions","og_description":"UiCore Terms of Service 1. Terms By accessing the website at&nbsp;https:\/\/brisk.uicore.co, you are agreeing to be bound by these terms of service, [&hellip;]","og_url":"https:\/\/wartours.in.ua\/sv\/villkor\/","og_site_name":"WarTours Ukraine","og_image":[{"width":1200,"height":818,"url":"https:\/\/wartours.in.ua\/wp-content\/uploads\/2023\/02\/wartours.webp","type":"image\/webp"}],"twitter_card":"summary_large_image","twitter_misc":{"Ber\u00e4knad l\u00e4stid":"3 minuter"},"schema":{"@context":"https:\/\/schema.org","@graph":[{"@type":"WebPage","@id":"https:\/\/wartours.in.ua\/sv\/terms-conditions\/","url":"https:\/\/wartours.in.ua\/sv\/terms-conditions\/","name":"Villkor - WarTours Ukraina","isPartOf":{"@id":"https:\/\/wartours.in.ua\/sv\/#website"},"datePublished":"2020-08-19T12:33:44+00:00","breadcrumb":{"@id":"https:\/\/wartours.in.ua\/sv\/terms-conditions\/#breadcrumb"},"inLanguage":"sv-SE","potentialAction":[{"@type":"ReadAction","target":["https:\/\/wartours.in.ua\/sv\/terms-conditions\/"]}]},{"@type":"BreadcrumbList","@id":"https:\/\/wartours.in.ua\/sv\/terms-conditions\/#breadcrumb","itemListElement":[{"@type":"ListItem","position":1,"name":"\u0413\u043e\u043b\u043e\u0432\u043d\u0430","item":"https:\/\/wartours.in.ua\/"},{"@type":"ListItem","position":2,"name":"Terms &#038; Conditions"}]},{"@type":"WebSite","@id":"https:\/\/wartours.in.ua\/sv\/#website","url":"https:\/\/wartours.in.ua\/sv\/","name":"Krigsresor Ukraina","description":"Milit\u00e4rturism. Bevis p\u00e5 rysk aggression med egna \u00f6gon","publisher":{"@id":"https:\/\/wartours.in.ua\/sv\/#organization"},"alternateName":"Military Tours in Ukraine","potentialAction":[{"@type":"SearchAction","target":{"@type":"EntryPoint","urlTemplate":"https:\/\/wartours.in.ua\/sv\/?s={search_term_string}"},"query-input":{"@type":"PropertyValueSpecification","valueRequired":true,"valueName":"search_term_string"}}],"inLanguage":"sv-SE"},{"@type":"Organization","@id":"https:\/\/wartours.in.ua\/sv\/#organization","name":"Krigsresor Ukraina","alternateName":"MilitaryTours in Ukraine","url":"https:\/\/wartours.in.ua\/sv\/","logo":{"@type":"ImageObject","inLanguage":"sv-SE","@id":"https:\/\/wartours.in.ua\/sv\/#\/schema\/logo\/image\/","url":"https:\/\/wartours.in.ua\/wp-content\/uploads\/2023\/01\/logo-04.png","contentUrl":"https:\/\/wartours.in.ua\/wp-content\/uploads\/2023\/01\/logo-04.png","width":418,"height":129,"caption":"WarTours Ukraine"},"image":{"@id":"https:\/\/wartours.in.ua\/sv\/#\/schema\/logo\/image\/"},"sameAs":["https:\/\/www.instagram.com\/wartours_in_ua\/","https:\/\/www.linkedin.com\/company\/113094334\/admin\/dashboard\/"]}]}},"_links":{"self":[{"href":"https:\/\/wartours.in.ua\/sv\/wp-json\/wp\/v2\/pages\/105","targetHints":{"allow":["GET"]}}],"collection":[{"href":"https:\/\/wartours.in.ua\/sv\/wp-json\/wp\/v2\/pages"}],"about":[{"href":"https:\/\/wartours.in.ua\/sv\/wp-json\/wp\/v2\/types\/page"}],"author":[{"embeddable":true,"href":"https:\/\/wartours.in.ua\/sv\/wp-json\/wp\/v2\/users\/1"}],"replies":[{"embeddable":true,"href":"https:\/\/wartours.in.ua\/sv\/wp-json\/wp\/v2\/comments?post=105"}],"version-history":[{"count":0,"href":"https:\/\/wartours.in.ua\/sv\/wp-json\/wp\/v2\/pages\/105\/revisions"}],"wp:attachment":[{"href":"https:\/\/wartours.in.ua\/sv\/wp-json\/wp\/v2\/media?parent=105"}],"curies":[{"name":"wp","href":"https:\/\/api.w.org\/{rel}","templated":true}]}}