{"id":16,"date":"2023-01-09T18:26:31","date_gmt":"2023-01-09T18:26:31","guid":{"rendered":"https:\/\/wartours.in.ua\/service\/"},"modified":"2023-01-09T18:26:31","modified_gmt":"2023-01-09T18:26:31","slug":"service","status":"publish","type":"page","link":"https:\/\/wartours.in.ua\/sv\/service\/","title":{"rendered":"Service"},"content":{"rendered":"<h1>Tj\u00e4nster<\/h1>\n\n\n\n\n\n<h2>V\u00e5ra tj\u00e4nster<\/h2>\n\n\n\n\n<p>Po\u00e4ngen med att anv\u00e4nda Lorem Ipsum \u00e4r att det har en mer eller mindre normal f\u00f6rdelning av bokst\u00e4ver, till skillnad fr\u00e5n att anv\u00e4nda &quot;Inneh\u00e5ll h\u00e4r, inneh\u00e5ll h\u00e4r&quot;, vilket g\u00f6r att det ser ut som l\u00e4sbar engelska.<\/p>\n\n\n<p>Po\u00e4ngen med att anv\u00e4nda Lorem Ipsum \u00e4r att det har en mer eller mindre normal f\u00f6rdelning av bokst\u00e4ver, till skillnad fr\u00e5n att anv\u00e4nda &quot;Inneh\u00e5ll h\u00e4r, inneh\u00e5ll h\u00e4r&quot;, vilket g\u00f6r att det ser ut som l\u00e4sbar engelska.<\/p>\n\n\n<p>Po\u00e4ngen med att anv\u00e4nda Lorem Ipsum \u00e4r att det har en mer eller mindre normal f\u00f6rdelning av bokst\u00e4ver, till skillnad fr\u00e5n att anv\u00e4nda &quot;Inneh\u00e5ll h\u00e4r, inneh\u00e5ll h\u00e4r&quot;, vilket g\u00f6r att det ser ut som l\u00e4sbar engelska.<\/p>\n\n\n\n\n\n\n<h2>V\u00e5ra kurser<\/h2>\n\n\n\n\nEu turpis egestas pretium aenean pharetra magna ac placerat vestibulum lorem ipsum doler sit a met. Turpis in eu mi bibendum neque egestas congue quisque. Eu turpis egestas pretium aenean pharetra magna ac placerat vestibulum lorem ipsum doler sit a met. Turpis in eu mi bibendum neque egestas congue quisque. Eu turpis egestas pretium aenean pharetra magna ac placerat vestibulum lorem ipsum doler sit a met. Turpis in eu mi bibendum neque egestas congue quisque. Eu turpis egestas pretium aenean pharetra magna ac placerat vestibulum lorem ipsum doler sit a met. Turpis in eu mi bibendum neque egestas congue quisque. Eu turpis egestas pretium aenean pharetra magna ac placerat vestibulum lorem ipsum doler sit a met. Turpis in eu mi bibendum neque egestas congue quisque. Eu turpis egestas pretium aenean pharetra magna ac placerat vestibulum lorem ipsum doler sit a met. Turpis in eu mi bibendum neque egestas congue quisque.&nbsp;\n\n\n\n\n\n\n\n\n\n\n<h2>Framg\u00e5ngshistorier<\/h2>\n\n<p>Eu non diam phasellus vestibulum lorem. Excepteur sint occaecat cupidatat non proident, suntin culpa qui officia deserunt mollit animid est laborum. Phasellus imperdiet lacinia nulla, malesuada semper nibh sodales quis, Duis viverra ipsum dictum. Det \u00e4r ett sedan l\u00e4nge etablerat faktum att en l\u00e4sare kommer att distraheras av det l\u00e4sbara inneh\u00e5llet p\u00e5 en sida n\u00e4r man tittar p\u00e5 dess layout. Po\u00e4ngen med att anv\u00e4nda Lorem Ipsum \u00e4r att den har en mer eller mindre normal f\u00f6rdelning av bokst\u00e4ver, i motsats till att anv\u00e4nda &quot;Inneh\u00e5ll h\u00e4r, inneh\u00e5ll h\u00e4r&quot;, vilket g\u00f6r att det ser ut som l\u00e4sbar engelska.<\/p>\n<h3>\u2013 Sara Jones<\/h3>\n\n\n\n\n\n<h2>Varf\u00f6r v\u00e4lja oss<\/h2>\n\n\n\n\nEu turpis egestas pretium aenean pharetra magna ac placerat vestibulum lorem ipsum doler sit a met. Eu turpis egestas pretium aenean pharetra magna ac placerat vestibulum lorem ipsum doler sit a met. Eu turpis egestas pretium aenean pharetra magna ac placerat vestibulum lorem ipsum doler sit a met.&nbsp;\n\n\n\n\n\n\n\n\n<h2>L\u00e5t siffran tala<\/h2>\n\n\n\n\n\n\n\n\n\n\n\n\n\n\n\n\n\n\n\n\n<h2>Referenser<\/h2>\n\n\n\n\nPo\u00e4ngen med att anv\u00e4nda Lorem Ipsum \u00e4r att det har en mer eller mindre normal f\u00f6rdelning av bokst\u00e4ver, till skillnad fr\u00e5n att anv\u00e4nda &quot;Inneh\u00e5ll h\u00e4r, inneh\u00e5ll h\u00e4r&quot;, vilket f\u00e5r det att se ut som l\u00e4sbar engelska. Po\u00e4ngen med att anv\u00e4nda Lorem Ipsum \u00e4r att det har en mer eller mindre normal f\u00f6rdelning av bokst\u00e4ver, till skillnad fr\u00e5n att anv\u00e4nda &quot;Inneh\u00e5ll h\u00e4r, inneh\u00e5ll h\u00e4r&quot;, vilket f\u00e5r det att se ut som l\u00e4sbar engelska. Po\u00e4ngen med att anv\u00e4nda Lorem Ipsum \u00e4r att det har en mer eller mindre normal f\u00f6rdelning av bokst\u00e4ver, till skillnad fr\u00e5n att anv\u00e4nda &quot;Inneh\u00e5ll h\u00e4r, inneh\u00e5ll h\u00e4r&quot;, vilket f\u00e5r det att se ut som l\u00e4sbar engelska.&nbsp;","protected":false},"excerpt":{"rendered":"","protected":false},"author":0,"featured_media":0,"parent":0,"menu_order":0,"comment_status":"closed","ping_status":"closed","template":"","meta":{"footnotes":""},"class_list":["post-16","page","type-page","status-publish","hentry"],"yoast_head":"<!-- This site is optimized with the Yoast SEO Premium plugin v27.4 (Yoast SEO v27.5) - https:\/\/yoast.com\/product\/yoast-seo-premium-wordpress\/ -->\n<title>Service - WarTours Ukraine<\/title>\n<meta name=\"robots\" content=\"index, follow, max-snippet:-1, max-image-preview:large, max-video-preview:-1\" \/>\n<link rel=\"canonical\" href=\"https:\/\/wartours.in.ua\/sv\/service\/\" \/>\n<meta property=\"og:locale\" content=\"sv_SE\" \/>\n<meta property=\"og:type\" content=\"article\" \/>\n<meta property=\"og:title\" content=\"Service\" \/>\n<meta property=\"og:url\" content=\"https:\/\/wartours.in.ua\/sv\/service\/\" \/>\n<meta property=\"og:site_name\" content=\"WarTours Ukraine\" \/>\n<meta property=\"og:image\" content=\"https:\/\/wartours.in.ua\/wp-content\/uploads\/2023\/02\/wartours.webp\" \/>\n\t<meta property=\"og:image:width\" content=\"1200\" \/>\n\t<meta property=\"og:image:height\" content=\"818\" \/>\n\t<meta property=\"og:image:type\" content=\"image\/webp\" \/>\n<meta name=\"twitter:card\" content=\"summary_large_image\" \/>\n<meta name=\"twitter:label1\" content=\"Ber\u00e4knad l\u00e4stid\" \/>\n\t<meta name=\"twitter:data1\" content=\"2 minuter\" \/>\n<script type=\"application\/ld+json\" class=\"yoast-schema-graph\">{\"@context\":\"https:\\\/\\\/schema.org\",\"@graph\":[{\"@type\":\"WebPage\",\"@id\":\"https:\\\/\\\/wartours.in.ua\\\/sv\\\/service\\\/\",\"url\":\"https:\\\/\\\/wartours.in.ua\\\/sv\\\/service\\\/\",\"name\":\"Service - WarTours Ukraine\",\"isPartOf\":{\"@id\":\"https:\\\/\\\/wartours.in.ua\\\/sv\\\/#website\"},\"datePublished\":\"2023-01-09T18:26:31+00:00\",\"breadcrumb\":{\"@id\":\"https:\\\/\\\/wartours.in.ua\\\/sv\\\/service\\\/#breadcrumb\"},\"inLanguage\":\"sv-SE\",\"potentialAction\":[{\"@type\":\"ReadAction\",\"target\":[\"https:\\\/\\\/wartours.in.ua\\\/sv\\\/service\\\/\"]}]},{\"@type\":\"BreadcrumbList\",\"@id\":\"https:\\\/\\\/wartours.in.ua\\\/sv\\\/service\\\/#breadcrumb\",\"itemListElement\":[{\"@type\":\"ListItem\",\"position\":1,\"name\":\"\u0413\u043e\u043b\u043e\u0432\u043d\u0430\",\"item\":\"https:\\\/\\\/wartours.in.ua\\\/\"},{\"@type\":\"ListItem\",\"position\":2,\"name\":\"Service\"}]},{\"@type\":\"WebSite\",\"@id\":\"https:\\\/\\\/wartours.in.ua\\\/sv\\\/#website\",\"url\":\"https:\\\/\\\/wartours.in.ua\\\/sv\\\/\",\"name\":\"WarTours Ukraine\",\"description\":\"Military tourism. Evidence of russian aggression with your own eyes\",\"publisher\":{\"@id\":\"https:\\\/\\\/wartours.in.ua\\\/sv\\\/#organization\"},\"alternateName\":\"Military Tours in Ukraine\",\"potentialAction\":[{\"@type\":\"SearchAction\",\"target\":{\"@type\":\"EntryPoint\",\"urlTemplate\":\"https:\\\/\\\/wartours.in.ua\\\/sv\\\/?s={search_term_string}\"},\"query-input\":{\"@type\":\"PropertyValueSpecification\",\"valueRequired\":true,\"valueName\":\"search_term_string\"}}],\"inLanguage\":\"sv-SE\"},{\"@type\":\"Organization\",\"@id\":\"https:\\\/\\\/wartours.in.ua\\\/sv\\\/#organization\",\"name\":\"WarTours Ukraine\",\"alternateName\":\"MilitaryTours in Ukraine\",\"url\":\"https:\\\/\\\/wartours.in.ua\\\/sv\\\/\",\"logo\":{\"@type\":\"ImageObject\",\"inLanguage\":\"sv-SE\",\"@id\":\"https:\\\/\\\/wartours.in.ua\\\/sv\\\/#\\\/schema\\\/logo\\\/image\\\/\",\"url\":\"https:\\\/\\\/wartours.in.ua\\\/wp-content\\\/uploads\\\/2023\\\/01\\\/logo-04.png\",\"contentUrl\":\"https:\\\/\\\/wartours.in.ua\\\/wp-content\\\/uploads\\\/2023\\\/01\\\/logo-04.png\",\"width\":418,\"height\":129,\"caption\":\"WarTours Ukraine\"},\"image\":{\"@id\":\"https:\\\/\\\/wartours.in.ua\\\/sv\\\/#\\\/schema\\\/logo\\\/image\\\/\"},\"sameAs\":[\"https:\\\/\\\/www.instagram.com\\\/wartours_in_ua\\\/\",\"https:\\\/\\\/www.linkedin.com\\\/company\\\/113094334\\\/admin\\\/dashboard\\\/\"]}]}<\/script>\n<!-- \/ Yoast SEO Premium plugin. -->","yoast_head_json":{"title":"Service - WarTours Ukraina","robots":{"index":"index","follow":"follow","max-snippet":"max-snippet:-1","max-image-preview":"max-image-preview:large","max-video-preview":"max-video-preview:-1"},"canonical":"https:\/\/wartours.in.ua\/sv\/service\/","og_locale":"sv_SE","og_type":"article","og_title":"Service","og_url":"https:\/\/wartours.in.ua\/sv\/service\/","og_site_name":"WarTours Ukraine","og_image":[{"width":1200,"height":818,"url":"https:\/\/wartours.in.ua\/wp-content\/uploads\/2023\/02\/wartours.webp","type":"image\/webp"}],"twitter_card":"summary_large_image","twitter_misc":{"Ber\u00e4knad l\u00e4stid":"2 minuter"},"schema":{"@context":"https:\/\/schema.org","@graph":[{"@type":"WebPage","@id":"https:\/\/wartours.in.ua\/sv\/service\/","url":"https:\/\/wartours.in.ua\/sv\/service\/","name":"Service - WarTours Ukraina","isPartOf":{"@id":"https:\/\/wartours.in.ua\/sv\/#website"},"datePublished":"2023-01-09T18:26:31+00:00","breadcrumb":{"@id":"https:\/\/wartours.in.ua\/sv\/service\/#breadcrumb"},"inLanguage":"sv-SE","potentialAction":[{"@type":"ReadAction","target":["https:\/\/wartours.in.ua\/sv\/service\/"]}]},{"@type":"BreadcrumbList","@id":"https:\/\/wartours.in.ua\/sv\/service\/#breadcrumb","itemListElement":[{"@type":"ListItem","position":1,"name":"\u0413\u043e\u043b\u043e\u0432\u043d\u0430","item":"https:\/\/wartours.in.ua\/"},{"@type":"ListItem","position":2,"name":"Service"}]},{"@type":"WebSite","@id":"https:\/\/wartours.in.ua\/sv\/#website","url":"https:\/\/wartours.in.ua\/sv\/","name":"Krigsresor Ukraina","description":"Milit\u00e4rturism. Bevis p\u00e5 rysk aggression med egna \u00f6gon","publisher":{"@id":"https:\/\/wartours.in.ua\/sv\/#organization"},"alternateName":"Military Tours in Ukraine","potentialAction":[{"@type":"SearchAction","target":{"@type":"EntryPoint","urlTemplate":"https:\/\/wartours.in.ua\/sv\/?s={search_term_string}"},"query-input":{"@type":"PropertyValueSpecification","valueRequired":true,"valueName":"search_term_string"}}],"inLanguage":"sv-SE"},{"@type":"Organization","@id":"https:\/\/wartours.in.ua\/sv\/#organization","name":"Krigsresor Ukraina","alternateName":"MilitaryTours in Ukraine","url":"https:\/\/wartours.in.ua\/sv\/","logo":{"@type":"ImageObject","inLanguage":"sv-SE","@id":"https:\/\/wartours.in.ua\/sv\/#\/schema\/logo\/image\/","url":"https:\/\/wartours.in.ua\/wp-content\/uploads\/2023\/01\/logo-04.png","contentUrl":"https:\/\/wartours.in.ua\/wp-content\/uploads\/2023\/01\/logo-04.png","width":418,"height":129,"caption":"WarTours Ukraine"},"image":{"@id":"https:\/\/wartours.in.ua\/sv\/#\/schema\/logo\/image\/"},"sameAs":["https:\/\/www.instagram.com\/wartours_in_ua\/","https:\/\/www.linkedin.com\/company\/113094334\/admin\/dashboard\/"]}]}},"_links":{"self":[{"href":"https:\/\/wartours.in.ua\/sv\/wp-json\/wp\/v2\/pages\/16","targetHints":{"allow":["GET"]}}],"collection":[{"href":"https:\/\/wartours.in.ua\/sv\/wp-json\/wp\/v2\/pages"}],"about":[{"href":"https:\/\/wartours.in.ua\/sv\/wp-json\/wp\/v2\/types\/page"}],"replies":[{"embeddable":true,"href":"https:\/\/wartours.in.ua\/sv\/wp-json\/wp\/v2\/comments?post=16"}],"version-history":[{"count":0,"href":"https:\/\/wartours.in.ua\/sv\/wp-json\/wp\/v2\/pages\/16\/revisions"}],"wp:attachment":[{"href":"https:\/\/wartours.in.ua\/sv\/wp-json\/wp\/v2\/media?parent=16"}],"curies":[{"name":"wp","href":"https:\/\/api.w.org\/{rel}","templated":true}]}}