{"id":17,"date":"2023-01-09T18:26:31","date_gmt":"2023-01-09T18:26:31","guid":{"rendered":"https:\/\/wartours.in.ua\/about\/"},"modified":"2023-01-09T18:26:31","modified_gmt":"2023-01-09T18:26:31","slug":"hakkinda","status":"publish","type":"page","link":"https:\/\/wartours.in.ua\/tr\/about\/","title":{"rendered":"Hakk\u0131nda"},"content":{"rendered":"<h1>Hakk\u0131m\u0131zda<\/h1>\n\n\n\n\n\n\n\n\n\n\n<h2>Hakk\u0131m\u0131zda<\/h2>\n\n\n<p>\u0130stisnai olarak, baz\u0131 durumlarda, proident olmayan bir \u015fekilde, suntin culpa qui officia mollit animid est Laborum. Phasellus imperdiet lacinia nulla, malesuada semper nibh sodales quis, Duis viverra ipsum dictum. Bir okuyucunun sayfa d\u00fczenine bakarken sayfan\u0131n okunabilir i\u00e7eri\u011finin dikkatini da\u011f\u0131taca\u011f\u0131 uzun s\u00fcredir bilinen bir ger\u00e7ektir. Lorem Ipsum kullanman\u0131n amac\u0131, &#039;buraya i\u00e7erik, buraya i\u00e7erik&#039; ifadesinin aksine, harflerin a\u015fa\u011f\u0131 yukar\u0131 normal da\u011f\u0131l\u0131m\u0131na sahip olmas\u0131 ve okunabilir \u0130ngilizce gibi g\u00f6r\u00fcnmesini sa\u011flamas\u0131d\u0131r. Magnam, sonu\u00e7 olarak, orant\u0131sal olarak praesentium eligendi voluptatum ve harum mollitia rem veritatis accusantium pariatur.<\/p>\n\n\n\n\n\n\n\n<h2>Ba\u015far\u0131 Hikayeleri<\/h2>\n\n<p>Eu non diam Phasellus Vestibulum lorem. Excepteur sint occaecat cupidatat non proident, suntin culpa qui officia mollit animid est Laborum. Phasellus imperdiet lacinia nulla, malesuada semper nibh sodales quis, Duis viverra ipsum dictum. Bir okuyucunun sayfa d\u00fczenine bakarken sayfan\u0131n okunabilir i\u00e7eri\u011finin dikkatini da\u011f\u0131taca\u011f\u0131 uzun s\u00fcredir bilinen bir ger\u00e7ektir. Lorem Ipsum kullanman\u0131n amac\u0131, &#039;Buraya i\u00e7erik, buraya i\u00e7erik&#039; ifadesinin aksine, harflerin a\u015fa\u011f\u0131 yukar\u0131 normal da\u011f\u0131l\u0131m\u0131na sahip olmas\u0131 ve okunabilir \u0130ngilizce gibi g\u00f6r\u00fcnmesini sa\u011flamas\u0131d\u0131r.<\/p>\n<h3>\u2013Sarah Jones<\/h3>\n\n\n\n\n\n<h2>Neden Bizi Se\u00e7melisiniz?<\/h2>\n\n\n\n\nEu turpis egestas pretium aenean pharetra magna ac placerat vestibulum lorem ipsum doler bir araya geldi. Eu turpis egestas pretium aenean pharetra magna ac placerat vestibulum lorem ipsum doler bir araya geldi. Eu turpis egestas pretium aenean pharetra magna ac placerat vestibulum lorem ipsum doler bir araya geldi.&nbsp;\n\n\n\n\n\n\n\n\n<h2>B\u0131rak\u0131n Rakamlar Konu\u015fsun<\/h2>\n\n\n\n\n\n\n\n\n\n\n\n\n\n\n\n\n\n\n\n\n<h2>G\u00f6r\u00fc\u015fler<\/h2>\n\n\n\n\n<span style=\"font-size: 14px\">Lorem Ipsum kullanman\u0131n amac\u0131, &#039;Buraya i\u00e7erik, buraya i\u00e7erik&#039; ifadesinin aksine, harflerin a\u015fa\u011f\u0131 yukar\u0131 normal da\u011f\u0131l\u0131m\u0131na sahip olmas\u0131 ve okunabilir \u0130ngilizce gibi g\u00f6r\u00fcnmesini sa\u011flamas\u0131d\u0131r.&nbsp;<\/span>\n\n\n\n\n<span style=\"font-size: 14px\">Lorem Ipsum kullanman\u0131n amac\u0131, &#039;Buraya i\u00e7erik, buraya i\u00e7erik&#039; ifadesinin aksine, harflerin a\u015fa\u011f\u0131 yukar\u0131 normal da\u011f\u0131l\u0131m\u0131na sahip olmas\u0131 ve okunabilir \u0130ngilizce gibi g\u00f6r\u00fcnmesini sa\u011flamas\u0131d\u0131r.&nbsp;<\/span>\n\n\n\n\n<span style=\"font-size: 14px\">Lorem Ipsum kullanman\u0131n amac\u0131, &#039;Buraya i\u00e7erik, buraya i\u00e7erik&#039; ifadesinin aksine, harflerin a\u015fa\u011f\u0131 yukar\u0131 normal da\u011f\u0131l\u0131m\u0131na sahip olmas\u0131 ve okunabilir \u0130ngilizce gibi g\u00f6r\u00fcnmesini sa\u011flamas\u0131d\u0131r.&nbsp;<\/span>","protected":false},"excerpt":{"rendered":"","protected":false},"author":0,"featured_media":0,"parent":0,"menu_order":0,"comment_status":"closed","ping_status":"closed","template":"","meta":{"footnotes":""},"class_list":["post-17","page","type-page","status-publish","hentry"],"yoast_head":"<!-- This site is optimized with the Yoast SEO Premium plugin v27.4 (Yoast SEO v27.4) - https:\/\/yoast.com\/product\/yoast-seo-premium-wordpress\/ -->\n<title>About - WarTours Ukraine<\/title>\n<meta name=\"robots\" content=\"index, follow, max-snippet:-1, max-image-preview:large, max-video-preview:-1\" \/>\n<link rel=\"canonical\" href=\"https:\/\/wartours.in.ua\/tr\/hakkinda\/\" \/>\n<meta property=\"og:locale\" content=\"tr_TR\" \/>\n<meta property=\"og:type\" content=\"article\" \/>\n<meta property=\"og:title\" content=\"About\" \/>\n<meta property=\"og:url\" content=\"https:\/\/wartours.in.ua\/tr\/hakkinda\/\" \/>\n<meta property=\"og:site_name\" content=\"WarTours Ukraine\" \/>\n<meta property=\"og:image\" content=\"https:\/\/wartours.in.ua\/wp-content\/uploads\/2023\/02\/wartours.webp\" \/>\n\t<meta property=\"og:image:width\" content=\"1200\" \/>\n\t<meta property=\"og:image:height\" content=\"818\" \/>\n\t<meta property=\"og:image:type\" content=\"image\/webp\" \/>\n<meta name=\"twitter:card\" content=\"summary_large_image\" \/>\n<meta name=\"twitter:label1\" content=\"Tahmini okuma s\u00fcresi\" \/>\n\t<meta name=\"twitter:data1\" content=\"2 dakika\" \/>\n<script type=\"application\/ld+json\" class=\"yoast-schema-graph\">{\"@context\":\"https:\\\/\\\/schema.org\",\"@graph\":[{\"@type\":\"WebPage\",\"@id\":\"https:\\\/\\\/wartours.in.ua\\\/tr\\\/about\\\/\",\"url\":\"https:\\\/\\\/wartours.in.ua\\\/tr\\\/about\\\/\",\"name\":\"About - WarTours Ukraine\",\"isPartOf\":{\"@id\":\"https:\\\/\\\/wartours.in.ua\\\/tr\\\/#website\"},\"datePublished\":\"2023-01-09T18:26:31+00:00\",\"breadcrumb\":{\"@id\":\"https:\\\/\\\/wartours.in.ua\\\/tr\\\/about\\\/#breadcrumb\"},\"inLanguage\":\"tr\",\"potentialAction\":[{\"@type\":\"ReadAction\",\"target\":[\"https:\\\/\\\/wartours.in.ua\\\/tr\\\/about\\\/\"]}]},{\"@type\":\"BreadcrumbList\",\"@id\":\"https:\\\/\\\/wartours.in.ua\\\/tr\\\/about\\\/#breadcrumb\",\"itemListElement\":[{\"@type\":\"ListItem\",\"position\":1,\"name\":\"\u0413\u043e\u043b\u043e\u0432\u043d\u0430\",\"item\":\"https:\\\/\\\/wartours.in.ua\\\/\"},{\"@type\":\"ListItem\",\"position\":2,\"name\":\"About\"}]},{\"@type\":\"WebSite\",\"@id\":\"https:\\\/\\\/wartours.in.ua\\\/tr\\\/#website\",\"url\":\"https:\\\/\\\/wartours.in.ua\\\/tr\\\/\",\"name\":\"WarTours Ukraine\",\"description\":\"Military tourism. Evidence of russian aggression with your own eyes\",\"publisher\":{\"@id\":\"https:\\\/\\\/wartours.in.ua\\\/tr\\\/#organization\"},\"alternateName\":\"Military Tours in Ukraine\",\"potentialAction\":[{\"@type\":\"SearchAction\",\"target\":{\"@type\":\"EntryPoint\",\"urlTemplate\":\"https:\\\/\\\/wartours.in.ua\\\/tr\\\/?s={search_term_string}\"},\"query-input\":{\"@type\":\"PropertyValueSpecification\",\"valueRequired\":true,\"valueName\":\"search_term_string\"}}],\"inLanguage\":\"tr\"},{\"@type\":\"Organization\",\"@id\":\"https:\\\/\\\/wartours.in.ua\\\/tr\\\/#organization\",\"name\":\"WarTours Ukraine\",\"alternateName\":\"MilitaryTours in Ukraine\",\"url\":\"https:\\\/\\\/wartours.in.ua\\\/tr\\\/\",\"logo\":{\"@type\":\"ImageObject\",\"inLanguage\":\"tr\",\"@id\":\"https:\\\/\\\/wartours.in.ua\\\/tr\\\/#\\\/schema\\\/logo\\\/image\\\/\",\"url\":\"https:\\\/\\\/wartours.in.ua\\\/wp-content\\\/uploads\\\/2023\\\/01\\\/logo-04.png\",\"contentUrl\":\"https:\\\/\\\/wartours.in.ua\\\/wp-content\\\/uploads\\\/2023\\\/01\\\/logo-04.png\",\"width\":418,\"height\":129,\"caption\":\"WarTours Ukraine\"},\"image\":{\"@id\":\"https:\\\/\\\/wartours.in.ua\\\/tr\\\/#\\\/schema\\\/logo\\\/image\\\/\"},\"sameAs\":[\"https:\\\/\\\/www.instagram.com\\\/wartours_in_ua\\\/\",\"https:\\\/\\\/www.linkedin.com\\\/company\\\/113094334\\\/admin\\\/dashboard\\\/\"]}]}<\/script>\n<!-- \/ Yoast SEO Premium plugin. -->","yoast_head_json":{"title":"Hakk\u0131nda - WarTours Ukrayna","robots":{"index":"index","follow":"follow","max-snippet":"max-snippet:-1","max-image-preview":"max-image-preview:large","max-video-preview":"max-video-preview:-1"},"canonical":"https:\/\/wartours.in.ua\/tr\/hakkinda\/","og_locale":"tr_TR","og_type":"article","og_title":"About","og_url":"https:\/\/wartours.in.ua\/tr\/hakkinda\/","og_site_name":"WarTours Ukraine","og_image":[{"width":1200,"height":818,"url":"https:\/\/wartours.in.ua\/wp-content\/uploads\/2023\/02\/wartours.webp","type":"image\/webp"}],"twitter_card":"summary_large_image","twitter_misc":{"Tahmini okuma s\u00fcresi":"2 dakika"},"schema":{"@context":"https:\/\/schema.org","@graph":[{"@type":"WebPage","@id":"https:\/\/wartours.in.ua\/tr\/about\/","url":"https:\/\/wartours.in.ua\/tr\/about\/","name":"Hakk\u0131nda - WarTours Ukrayna","isPartOf":{"@id":"https:\/\/wartours.in.ua\/tr\/#website"},"datePublished":"2023-01-09T18:26:31+00:00","breadcrumb":{"@id":"https:\/\/wartours.in.ua\/tr\/about\/#breadcrumb"},"inLanguage":"tr","potentialAction":[{"@type":"ReadAction","target":["https:\/\/wartours.in.ua\/tr\/about\/"]}]},{"@type":"BreadcrumbList","@id":"https:\/\/wartours.in.ua\/tr\/about\/#breadcrumb","itemListElement":[{"@type":"ListItem","position":1,"name":"\u0413\u043e\u043b\u043e\u0432\u043d\u0430","item":"https:\/\/wartours.in.ua\/"},{"@type":"ListItem","position":2,"name":"About"}]},{"@type":"WebSite","@id":"https:\/\/wartours.in.ua\/tr\/#website","url":"https:\/\/wartours.in.ua\/tr\/","name":"Sava\u015f Turlar\u0131 Ukrayna","description":"Askeri turizm. Kendi g\u00f6zlerinizle Rus sald\u0131rganl\u0131\u011f\u0131n\u0131n kan\u0131t\u0131","publisher":{"@id":"https:\/\/wartours.in.ua\/tr\/#organization"},"alternateName":"Military Tours in Ukraine","potentialAction":[{"@type":"SearchAction","target":{"@type":"EntryPoint","urlTemplate":"https:\/\/wartours.in.ua\/tr\/?s={search_term_string}"},"query-input":{"@type":"PropertyValueSpecification","valueRequired":true,"valueName":"search_term_string"}}],"inLanguage":"tr"},{"@type":"Organization","@id":"https:\/\/wartours.in.ua\/tr\/#organization","name":"Sava\u015f Turlar\u0131 Ukrayna","alternateName":"MilitaryTours in Ukraine","url":"https:\/\/wartours.in.ua\/tr\/","logo":{"@type":"ImageObject","inLanguage":"tr","@id":"https:\/\/wartours.in.ua\/tr\/#\/schema\/logo\/image\/","url":"https:\/\/wartours.in.ua\/wp-content\/uploads\/2023\/01\/logo-04.png","contentUrl":"https:\/\/wartours.in.ua\/wp-content\/uploads\/2023\/01\/logo-04.png","width":418,"height":129,"caption":"WarTours Ukraine"},"image":{"@id":"https:\/\/wartours.in.ua\/tr\/#\/schema\/logo\/image\/"},"sameAs":["https:\/\/www.instagram.com\/wartours_in_ua\/","https:\/\/www.linkedin.com\/company\/113094334\/admin\/dashboard\/"]}]}},"_links":{"self":[{"href":"https:\/\/wartours.in.ua\/tr\/wp-json\/wp\/v2\/pages\/17","targetHints":{"allow":["GET"]}}],"collection":[{"href":"https:\/\/wartours.in.ua\/tr\/wp-json\/wp\/v2\/pages"}],"about":[{"href":"https:\/\/wartours.in.ua\/tr\/wp-json\/wp\/v2\/types\/page"}],"replies":[{"embeddable":true,"href":"https:\/\/wartours.in.ua\/tr\/wp-json\/wp\/v2\/comments?post=17"}],"version-history":[{"count":0,"href":"https:\/\/wartours.in.ua\/tr\/wp-json\/wp\/v2\/pages\/17\/revisions"}],"wp:attachment":[{"href":"https:\/\/wartours.in.ua\/tr\/wp-json\/wp\/v2\/media?parent=17"}],"curies":[{"name":"wp","href":"https:\/\/api.w.org\/{rel}","templated":true}]}}